{"id":620,"date":"2017-01-08T02:28:11","date_gmt":"2017-01-08T01:28:11","guid":{"rendered":"http:\/\/fhpsbsc.be\/?page_id=620"},"modified":"2017-01-08T02:48:30","modified_gmt":"2017-01-08T01:48:30","slug":"signalisations-et-delimitations","status":"publish","type":"page","link":"https:\/\/fhpsbsc.be\/index.php\/liens-externes\/signalisations-et-delimitations\/","title":{"rendered":"Signalisation"},"content":{"rendered":"<div class=\"fusion-fullwidth fullwidth-box fusion-builder-row-1 nonhundred-percent-fullwidth non-hundred-percent-height-scrolling\" style=\"background-color: rgba(255,255,255,0);background-position: center center;background-repeat: no-repeat;padding-top:20px;padding-right:0px;padding-bottom:20px;padding-left:0px;margin-bottom: 0px;margin-top: 0px;border-width: 0px 0px 0px 0px;border-color:#eae9e9;border-style:solid;\" ><div class=\"fusion-builder-row fusion-row\"><div class=\"fusion-layout-column fusion_builder_column fusion-builder-column-0 fusion_builder_column_1_1 1_1 fusion-one-full fusion-column-first fusion-column-last\" style=\"margin-top:0px;margin-bottom:0px;\"><div class=\"fusion-column-wrapper fusion-flex-column-wrapper-legacy\" style=\"background-position:left top;background-repeat:no-repeat;-webkit-background-size:cover;-moz-background-size:cover;-o-background-size:cover;background-size:cover;padding: 0px 0px 0px 0px;\"><div class=\"fusion-text fusion-text-1\" style=\"transform:translate3d(0,0,0);\"><h2><span style=\"color: #0000ff;\">MODELE POUR LA SIGNALISATION D&rsquo;UNE ZONE D&rsquo;INTERDICTION DE PECHE<\/span><\/h2>\n<p>Les limites des zones d&rsquo;interdiction de p\u00eache sont signal\u00e9es sur chaque rive au moyen du pictogramme suivant<\/p>\n<p><img class=\"aligncenter size-full wp-image-623\" src=\"http:\/\/fhpsbsc.be\/wp-content\/uploads\/2017\/01\/1.jpg\" alt=\"\" width=\"245\" height=\"168\" srcset=\"https:\/\/fhpsbsc.be\/wp-content\/uploads\/2017\/01\/1-200x137.jpg 200w, https:\/\/fhpsbsc.be\/wp-content\/uploads\/2017\/01\/1.jpg 245w\" sizes=\"(max-width: 245px) 100vw, 245px\" \/><\/p>\n<table style=\"height: 47px;\" width=\"46\">\n<tbody>\n<tr>\n<td><\/td>\n<\/tr>\n<\/tbody>\n<\/table>\n<p>Compl\u00e9t\u00e9 du pictogramme additionnel ci-apr\u00e8s :<\/p>\n<table>\n<tbody>\n<tr>\n<td><\/td>\n<\/tr>\n<\/tbody>\n<\/table>\n<p><img class=\"aligncenter size-full wp-image-624\" src=\"http:\/\/fhpsbsc.be\/wp-content\/uploads\/2017\/01\/2.jpg\" alt=\"\" width=\"182\" height=\"187\" \/><\/p>\n<p>&nbsp;<\/p>\n<p>dont la fl\u00e8che est orient\u00e9e en cons\u00e9quence.<\/p>\n<p>Lorsque l&rsquo;interdiction porte sur une longue distance ou lorsque la configuration du terrain le justifie, le pictogramme n\u00b0 1 compl\u00e9t\u00e9 de deux fl\u00e8ches n\u00b0 2 dont les sens sont oppos\u00e9s, est utilis\u00e9 \u00e0 titre de rappel.<\/p>\n<p>Lorsque l&rsquo;interdiction de p\u00eacher \u00e0 proximit\u00e9 d&rsquo;un ouvrage d&rsquo;art ou d&rsquo;une arriv\u00e9e d&rsquo;eau ne porte que sur l&rsquo;amont ou l&rsquo;aval, seule la limite amont ou aval est signal\u00e9e.<\/p>\n<p>Le pictogramme n\u00b0 2 peut porter une indication mentionnant la distance sur laquelle l&rsquo;interdiction est applicable.<\/p>\n<p>Lorsque l&rsquo;interdiction est ponctuelle, le pictogramme n\u00b0 1 est seul utilis\u00e9.<\/p>\n<p>Lorsque le cours d&rsquo;eau est de faible largeur et que la disposition des lieux le permet, les signaux ne sont plac\u00e9s que sur la rive droite.<\/p>\n<\/div><div class=\"fusion-clearfix\"><\/div><\/div><\/div><\/div><\/div>\n","protected":false},"excerpt":{"rendered":"","protected":false},"author":1,"featured_media":0,"parent":229,"menu_order":9,"comment_status":"closed","ping_status":"closed","template":"side-navigation.php","meta":{"_monsterinsights_skip_tracking":false,"_monsterinsights_sitenote_active":false,"_monsterinsights_sitenote_note":"","_monsterinsights_sitenote_category":0},"yoast_head":"<!-- This site is optimized with the Yoast SEO plugin v17.9 - https:\/\/yoast.com\/wordpress\/plugins\/seo\/ -->\n<title>Signalisation - F\u00e9d\u00e9ration Halieutique et Piscicole du Sous Bassin Semois-Chiers<\/title>\n<meta name=\"robots\" content=\"index, follow, max-snippet:-1, max-image-preview:large, max-video-preview:-1\" \/>\n<link rel=\"canonical\" href=\"https:\/\/fhpsbsc.be\/index.php\/liens-externes\/signalisations-et-delimitations\/\" \/>\n<meta property=\"og:locale\" content=\"fr_FR\" \/>\n<meta property=\"og:type\" content=\"article\" \/>\n<meta property=\"og:title\" content=\"Signalisation - F\u00e9d\u00e9ration Halieutique et Piscicole du Sous Bassin Semois-Chiers\" \/>\n<meta property=\"og:url\" content=\"https:\/\/fhpsbsc.be\/index.php\/liens-externes\/signalisations-et-delimitations\/\" \/>\n<meta property=\"og:site_name\" content=\"F\u00e9d\u00e9ration Halieutique et Piscicole du Sous Bassin Semois-Chiers\" \/>\n<meta property=\"article:modified_time\" content=\"2017-01-08T01:48:30+00:00\" \/>\n<meta property=\"og:image\" content=\"http:\/\/fhpsbsc.be\/wp-content\/uploads\/2017\/01\/1.jpg\" \/>\n<meta name=\"twitter:card\" content=\"summary_large_image\" \/>\n<meta name=\"twitter:label1\" content=\"Dur\u00e9e de lecture estim\u00e9e\" \/>\n\t<meta name=\"twitter:data1\" content=\"1 minute\" \/>\n<script type=\"application\/ld+json\" class=\"yoast-schema-graph\">{\"@context\":\"https:\/\/schema.org\",\"@graph\":[{\"@type\":\"WebSite\",\"@id\":\"https:\/\/fhpsbsc.be\/#website\",\"url\":\"https:\/\/fhpsbsc.be\/\",\"name\":\"F\\u00e9d\\u00e9ration Halieutique et Piscicole du Sous Bassin Semois-Chiers\",\"description\":\"\",\"potentialAction\":[{\"@type\":\"SearchAction\",\"target\":{\"@type\":\"EntryPoint\",\"urlTemplate\":\"https:\/\/fhpsbsc.be\/?s={search_term_string}\"},\"query-input\":\"required name=search_term_string\"}],\"inLanguage\":\"fr-FR\"},{\"@type\":\"ImageObject\",\"@id\":\"https:\/\/fhpsbsc.be\/index.php\/liens-externes\/signalisations-et-delimitations\/#primaryimage\",\"inLanguage\":\"fr-FR\",\"url\":\"http:\/\/fhpsbsc.be\/wp-content\/uploads\/2017\/01\/1.jpg\",\"contentUrl\":\"http:\/\/fhpsbsc.be\/wp-content\/uploads\/2017\/01\/1.jpg\"},{\"@type\":\"WebPage\",\"@id\":\"https:\/\/fhpsbsc.be\/index.php\/liens-externes\/signalisations-et-delimitations\/#webpage\",\"url\":\"https:\/\/fhpsbsc.be\/index.php\/liens-externes\/signalisations-et-delimitations\/\",\"name\":\"Signalisation - F\\u00e9d\\u00e9ration Halieutique et Piscicole du Sous Bassin Semois-Chiers\",\"isPartOf\":{\"@id\":\"https:\/\/fhpsbsc.be\/#website\"},\"primaryImageOfPage\":{\"@id\":\"https:\/\/fhpsbsc.be\/index.php\/liens-externes\/signalisations-et-delimitations\/#primaryimage\"},\"datePublished\":\"2017-01-08T01:28:11+00:00\",\"dateModified\":\"2017-01-08T01:48:30+00:00\",\"breadcrumb\":{\"@id\":\"https:\/\/fhpsbsc.be\/index.php\/liens-externes\/signalisations-et-delimitations\/#breadcrumb\"},\"inLanguage\":\"fr-FR\",\"potentialAction\":[{\"@type\":\"ReadAction\",\"target\":[\"https:\/\/fhpsbsc.be\/index.php\/liens-externes\/signalisations-et-delimitations\/\"]}]},{\"@type\":\"BreadcrumbList\",\"@id\":\"https:\/\/fhpsbsc.be\/index.php\/liens-externes\/signalisations-et-delimitations\/#breadcrumb\",\"itemListElement\":[{\"@type\":\"ListItem\",\"position\":1,\"name\":\"Accueil\",\"item\":\"https:\/\/fhpsbsc.be\/\"},{\"@type\":\"ListItem\",\"position\":2,\"name\":\"R\\u00e9forme de la p\\u00eache\",\"item\":\"https:\/\/fhpsbsc.be\/index.php\/liens-externes\/\"},{\"@type\":\"ListItem\",\"position\":3,\"name\":\"Signalisation\"}]}]}<\/script>\n<!-- \/ Yoast SEO plugin. -->","yoast_head_json":{"title":"Signalisation - F\u00e9d\u00e9ration Halieutique et Piscicole du Sous Bassin Semois-Chiers","robots":{"index":"index","follow":"follow","max-snippet":"max-snippet:-1","max-image-preview":"max-image-preview:large","max-video-preview":"max-video-preview:-1"},"canonical":"https:\/\/fhpsbsc.be\/index.php\/liens-externes\/signalisations-et-delimitations\/","og_locale":"fr_FR","og_type":"article","og_title":"Signalisation - F\u00e9d\u00e9ration Halieutique et Piscicole du Sous Bassin Semois-Chiers","og_url":"https:\/\/fhpsbsc.be\/index.php\/liens-externes\/signalisations-et-delimitations\/","og_site_name":"F\u00e9d\u00e9ration Halieutique et Piscicole du Sous Bassin Semois-Chiers","article_modified_time":"2017-01-08T01:48:30+00:00","og_image":[{"url":"http:\/\/fhpsbsc.be\/wp-content\/uploads\/2017\/01\/1.jpg"}],"twitter_card":"summary_large_image","twitter_misc":{"Dur\u00e9e de lecture estim\u00e9e":"1 minute"},"schema":{"@context":"https:\/\/schema.org","@graph":[{"@type":"WebSite","@id":"https:\/\/fhpsbsc.be\/#website","url":"https:\/\/fhpsbsc.be\/","name":"F\u00e9d\u00e9ration Halieutique et Piscicole du Sous Bassin Semois-Chiers","description":"","potentialAction":[{"@type":"SearchAction","target":{"@type":"EntryPoint","urlTemplate":"https:\/\/fhpsbsc.be\/?s={search_term_string}"},"query-input":"required name=search_term_string"}],"inLanguage":"fr-FR"},{"@type":"ImageObject","@id":"https:\/\/fhpsbsc.be\/index.php\/liens-externes\/signalisations-et-delimitations\/#primaryimage","inLanguage":"fr-FR","url":"http:\/\/fhpsbsc.be\/wp-content\/uploads\/2017\/01\/1.jpg","contentUrl":"http:\/\/fhpsbsc.be\/wp-content\/uploads\/2017\/01\/1.jpg"},{"@type":"WebPage","@id":"https:\/\/fhpsbsc.be\/index.php\/liens-externes\/signalisations-et-delimitations\/#webpage","url":"https:\/\/fhpsbsc.be\/index.php\/liens-externes\/signalisations-et-delimitations\/","name":"Signalisation - F\u00e9d\u00e9ration Halieutique et Piscicole du Sous Bassin Semois-Chiers","isPartOf":{"@id":"https:\/\/fhpsbsc.be\/#website"},"primaryImageOfPage":{"@id":"https:\/\/fhpsbsc.be\/index.php\/liens-externes\/signalisations-et-delimitations\/#primaryimage"},"datePublished":"2017-01-08T01:28:11+00:00","dateModified":"2017-01-08T01:48:30+00:00","breadcrumb":{"@id":"https:\/\/fhpsbsc.be\/index.php\/liens-externes\/signalisations-et-delimitations\/#breadcrumb"},"inLanguage":"fr-FR","potentialAction":[{"@type":"ReadAction","target":["https:\/\/fhpsbsc.be\/index.php\/liens-externes\/signalisations-et-delimitations\/"]}]},{"@type":"BreadcrumbList","@id":"https:\/\/fhpsbsc.be\/index.php\/liens-externes\/signalisations-et-delimitations\/#breadcrumb","itemListElement":[{"@type":"ListItem","position":1,"name":"Accueil","item":"https:\/\/fhpsbsc.be\/"},{"@type":"ListItem","position":2,"name":"R\u00e9forme de la p\u00eache","item":"https:\/\/fhpsbsc.be\/index.php\/liens-externes\/"},{"@type":"ListItem","position":3,"name":"Signalisation"}]}]}},"_links":{"self":[{"href":"https:\/\/fhpsbsc.be\/index.php\/wp-json\/wp\/v2\/pages\/620"}],"collection":[{"href":"https:\/\/fhpsbsc.be\/index.php\/wp-json\/wp\/v2\/pages"}],"about":[{"href":"https:\/\/fhpsbsc.be\/index.php\/wp-json\/wp\/v2\/types\/page"}],"author":[{"embeddable":true,"href":"https:\/\/fhpsbsc.be\/index.php\/wp-json\/wp\/v2\/users\/1"}],"replies":[{"embeddable":true,"href":"https:\/\/fhpsbsc.be\/index.php\/wp-json\/wp\/v2\/comments?post=620"}],"version-history":[{"count":2,"href":"https:\/\/fhpsbsc.be\/index.php\/wp-json\/wp\/v2\/pages\/620\/revisions"}],"predecessor-version":[{"id":625,"href":"https:\/\/fhpsbsc.be\/index.php\/wp-json\/wp\/v2\/pages\/620\/revisions\/625"}],"up":[{"embeddable":true,"href":"https:\/\/fhpsbsc.be\/index.php\/wp-json\/wp\/v2\/pages\/229"}],"wp:attachment":[{"href":"https:\/\/fhpsbsc.be\/index.php\/wp-json\/wp\/v2\/media?parent=620"}],"curies":[{"name":"wp","href":"https:\/\/api.w.org\/{rel}","templated":true}]}}