{"id":614,"date":"2017-01-08T02:23:44","date_gmt":"2017-01-08T01:23:44","guid":{"rendered":"http:\/\/fhpsbsc.be\/?page_id=614"},"modified":"2017-01-08T02:48:07","modified_gmt":"2017-01-08T01:48:07","slug":"614-2","status":"publish","type":"page","link":"https:\/\/fhpsbsc.be\/index.php\/liens-externes\/614-2\/","title":{"rendered":"R\u00e9gimes forestiers"},"content":{"rendered":"<div class=\"fusion-fullwidth fullwidth-box fusion-builder-row-1 nonhundred-percent-fullwidth non-hundred-percent-height-scrolling\" style=\"background-color: rgba(255,255,255,0);background-position: center center;background-repeat: no-repeat;padding-top:20px;padding-right:0px;padding-bottom:20px;padding-left:0px;margin-bottom: 0px;margin-top: 0px;border-width: 0px 0px 0px 0px;border-color:#eae9e9;border-style:solid;\" ><div class=\"fusion-builder-row fusion-row\"><div class=\"fusion-layout-column fusion_builder_column fusion-builder-column-0 fusion_builder_column_1_1 1_1 fusion-one-full fusion-column-first fusion-column-last\" style=\"margin-top:0px;margin-bottom:0px;\"><div class=\"fusion-column-wrapper fusion-flex-column-wrapper-legacy\" style=\"background-position:left top;background-repeat:no-repeat;-webkit-background-size:cover;-moz-background-size:cover;-o-background-size:cover;background-size:cover;padding: 0px 0px 0px 0px;\"><div class=\"fusion-text fusion-text-1\" style=\"transform:translate3d(0,0,0);\"><h3><span style=\"color: #0000ff;\">PARTIES DE COURS D&rsquo;EAU DE LA ZONE D&rsquo;EAUX VIVES TRAVERSANT DES BOIS<\/span><br \/>\n<span style=\"color: #0000ff;\"> BENEFICIANT DU REGIME FORESTIER, DANS LESQUELLES LA PECHE RESTE AUTORISEE<\/span><\/h3>\n<table>\n<tbody>\n<tr>\n<td width=\"188\">Dans l&rsquo;Almache :<\/td>\n<td width=\"409\">le long des parcelles b\u00e9n\u00e9ficiant du r\u00e9gime forestier appartenant aux communes de Daverdisse et de Wellin, sauf l\u00e0 o\u00f9 la p\u00eache est interdite par l&rsquo;Administration au moyen d&rsquo;une signalisation conforme au mod\u00e8le de l&rsquo;annexe 5.<\/p>\n<hr \/>\n<\/td>\n<\/tr>\n<tr>\n<td width=\"188\">Dans l&rsquo;Ambl\u00e8ve :<\/td>\n<td width=\"409\"><em>a)\u00a0 <\/em>en rive droite :<\/p>\n<p>le long des parcelles b\u00e9n\u00e9ficiant du r\u00e9gime forestier situ\u00e9es entre la parcelle cadastr\u00e9e Waimes, 1<sup>\u00e8re<\/sup> division (Waimes), section K, n\u00b0 216, et la parcelle cadastr\u00e9e Malm\u00e9dy, 6<sup>\u00e8me<\/sup> division (Bellevaux), section F, n\u00b0 46, en ce compris ces deux parcelles;<\/p>\n<p><em>b)\u00a0 <\/em>en rive gauche :<\/p>\n<p>le long des parcelles b\u00e9n\u00e9ficiant du r\u00e9gime forestier situ\u00e9es entre la parcelle cadatr\u00e9e Malm\u00e9dy, 5<sup>\u00e8me<\/sup> division (Ligneuville), section B, n\u00b0 1 t, et la parcelle cadastr\u00e9e Malm\u00e9dy, 5<sup>\u00e8me<\/sup> division, section C, n\u00b0 104 c,, en ce compris ces deux parcelles.<\/p>\n<hr \/>\n<\/td>\n<\/tr>\n<tr>\n<td width=\"188\">Dans l&rsquo;Eau Noire :<\/td>\n<td width=\"409\">le long des parcelles b\u00e9n\u00e9ficiant du r\u00e9gime forestier situ\u00e9es entre la limite de la province du Hainaut et le pont dit de la Ferme Capitaine \u00e0 Gonrieux.<\/p>\n<hr \/>\n<\/td>\n<\/tr>\n<tr>\n<td width=\"188\">Dans le Hoyoux :<\/td>\n<td width=\"409\">le long des parcelles b\u00e9n\u00e9ficiant du r\u00e9gime forestier situ\u00e9es en amont du Pont \u00e0 Petit Modave sur une longueur de 284 m jusqu&rsquo;\u00e0 la limite de la parcelle cadastr\u00e9e Modave, 1<sup>re<\/sup> division (modave), section b, n\u00b0 217b.<\/p>\n<hr \/>\n<\/td>\n<\/tr>\n<tr>\n<td width=\"188\">Dans la Lhomme :<\/td>\n<td width=\"409\">le long des parcelles b\u00e9n\u00e9ficiant du r\u00e9gime forestier appartenant \u00e0 la Province de Luxembourg, aux communes de Saint-Hubert et de Tellin, \u00e0 la Fabrique d&rsquo;Eglise de Bure, ainsi que long des parcelles de la r\u00e9serve naturelle domaniale \u00ab Aux Cloyes \u00bb appartenant \u00e0 la R\u00e9gion wallonne.<\/p>\n<hr \/>\n<\/td>\n<\/tr>\n<tr>\n<td width=\"188\">Dans le ruisseau de Muno :<\/td>\n<td width=\"409\">le long des parcelles b\u00e9n\u00e9ficiant du r\u00e9gime forestier situ\u00e9es entre le pont enjambant le ruisseau de Muno \u00e0 hauteur du lieu-dit \u00ab Le Haut B\u00ee \u00bb \u00e0 Bertrix jusqu&rsquo;au confluent avec la Semois.<\/p>\n<hr \/>\n<\/td>\n<\/tr>\n<tr>\n<td width=\"188\">Dans l&rsquo;Ourthe orientale :<\/td>\n<td width=\"409\">le long des parcelles b\u00e9n\u00e9ficiant du r\u00e9gime forestier situ\u00e9es entre la passerelle du pr\u00e9-barrage au lieu-dit \u00ab Martinbay \u00bb \u00e0 Nadrin et le Pont Brisy \u00e0 Cherain.<\/p>\n<hr \/>\n<\/td>\n<\/tr>\n<\/tbody>\n<\/table>\n<table width=\"597\">\n<tbody>\n<tr>\n<td><\/td>\n<\/tr>\n<\/tbody>\n<\/table>\n<p>&nbsp;<\/p>\n<\/div><div class=\"fusion-clearfix\"><\/div><\/div><\/div><\/div><\/div>\n","protected":false},"excerpt":{"rendered":"","protected":false},"author":1,"featured_media":0,"parent":229,"menu_order":8,"comment_status":"closed","ping_status":"closed","template":"side-navigation.php","meta":{"_monsterinsights_skip_tracking":false,"_monsterinsights_sitenote_active":false,"_monsterinsights_sitenote_note":"","_monsterinsights_sitenote_category":0},"yoast_head":"<!-- This site is optimized with the Yoast SEO plugin v17.9 - https:\/\/yoast.com\/wordpress\/plugins\/seo\/ -->\n<title>R\u00e9gimes forestiers - F\u00e9d\u00e9ration Halieutique et Piscicole du Sous Bassin Semois-Chiers<\/title>\n<meta name=\"robots\" content=\"index, follow, max-snippet:-1, max-image-preview:large, max-video-preview:-1\" \/>\n<link rel=\"canonical\" href=\"https:\/\/fhpsbsc.be\/index.php\/liens-externes\/614-2\/\" \/>\n<meta property=\"og:locale\" content=\"fr_FR\" \/>\n<meta property=\"og:type\" content=\"article\" \/>\n<meta property=\"og:title\" content=\"R\u00e9gimes forestiers - F\u00e9d\u00e9ration Halieutique et Piscicole du Sous Bassin Semois-Chiers\" \/>\n<meta property=\"og:url\" content=\"https:\/\/fhpsbsc.be\/index.php\/liens-externes\/614-2\/\" \/>\n<meta property=\"og:site_name\" content=\"F\u00e9d\u00e9ration Halieutique et Piscicole du Sous Bassin Semois-Chiers\" \/>\n<meta property=\"article:modified_time\" content=\"2017-01-08T01:48:07+00:00\" \/>\n<meta name=\"twitter:card\" content=\"summary_large_image\" \/>\n<meta name=\"twitter:label1\" content=\"Dur\u00e9e de lecture estim\u00e9e\" \/>\n\t<meta name=\"twitter:data1\" content=\"2 minutes\" \/>\n<script type=\"application\/ld+json\" class=\"yoast-schema-graph\">{\"@context\":\"https:\/\/schema.org\",\"@graph\":[{\"@type\":\"WebSite\",\"@id\":\"https:\/\/fhpsbsc.be\/#website\",\"url\":\"https:\/\/fhpsbsc.be\/\",\"name\":\"F\\u00e9d\\u00e9ration Halieutique et Piscicole du Sous Bassin Semois-Chiers\",\"description\":\"\",\"potentialAction\":[{\"@type\":\"SearchAction\",\"target\":{\"@type\":\"EntryPoint\",\"urlTemplate\":\"https:\/\/fhpsbsc.be\/?s={search_term_string}\"},\"query-input\":\"required name=search_term_string\"}],\"inLanguage\":\"fr-FR\"},{\"@type\":\"WebPage\",\"@id\":\"https:\/\/fhpsbsc.be\/index.php\/liens-externes\/614-2\/#webpage\",\"url\":\"https:\/\/fhpsbsc.be\/index.php\/liens-externes\/614-2\/\",\"name\":\"R\\u00e9gimes forestiers - F\\u00e9d\\u00e9ration Halieutique et Piscicole du Sous Bassin Semois-Chiers\",\"isPartOf\":{\"@id\":\"https:\/\/fhpsbsc.be\/#website\"},\"datePublished\":\"2017-01-08T01:23:44+00:00\",\"dateModified\":\"2017-01-08T01:48:07+00:00\",\"breadcrumb\":{\"@id\":\"https:\/\/fhpsbsc.be\/index.php\/liens-externes\/614-2\/#breadcrumb\"},\"inLanguage\":\"fr-FR\",\"potentialAction\":[{\"@type\":\"ReadAction\",\"target\":[\"https:\/\/fhpsbsc.be\/index.php\/liens-externes\/614-2\/\"]}]},{\"@type\":\"BreadcrumbList\",\"@id\":\"https:\/\/fhpsbsc.be\/index.php\/liens-externes\/614-2\/#breadcrumb\",\"itemListElement\":[{\"@type\":\"ListItem\",\"position\":1,\"name\":\"Accueil\",\"item\":\"https:\/\/fhpsbsc.be\/\"},{\"@type\":\"ListItem\",\"position\":2,\"name\":\"R\\u00e9forme de la p\\u00eache\",\"item\":\"https:\/\/fhpsbsc.be\/index.php\/liens-externes\/\"},{\"@type\":\"ListItem\",\"position\":3,\"name\":\"R\\u00e9gimes forestiers\"}]}]}<\/script>\n<!-- \/ Yoast SEO plugin. -->","yoast_head_json":{"title":"R\u00e9gimes forestiers - F\u00e9d\u00e9ration Halieutique et Piscicole du Sous Bassin Semois-Chiers","robots":{"index":"index","follow":"follow","max-snippet":"max-snippet:-1","max-image-preview":"max-image-preview:large","max-video-preview":"max-video-preview:-1"},"canonical":"https:\/\/fhpsbsc.be\/index.php\/liens-externes\/614-2\/","og_locale":"fr_FR","og_type":"article","og_title":"R\u00e9gimes forestiers - F\u00e9d\u00e9ration Halieutique et Piscicole du Sous Bassin Semois-Chiers","og_url":"https:\/\/fhpsbsc.be\/index.php\/liens-externes\/614-2\/","og_site_name":"F\u00e9d\u00e9ration Halieutique et Piscicole du Sous Bassin Semois-Chiers","article_modified_time":"2017-01-08T01:48:07+00:00","twitter_card":"summary_large_image","twitter_misc":{"Dur\u00e9e de lecture estim\u00e9e":"2 minutes"},"schema":{"@context":"https:\/\/schema.org","@graph":[{"@type":"WebSite","@id":"https:\/\/fhpsbsc.be\/#website","url":"https:\/\/fhpsbsc.be\/","name":"F\u00e9d\u00e9ration Halieutique et Piscicole du Sous Bassin Semois-Chiers","description":"","potentialAction":[{"@type":"SearchAction","target":{"@type":"EntryPoint","urlTemplate":"https:\/\/fhpsbsc.be\/?s={search_term_string}"},"query-input":"required name=search_term_string"}],"inLanguage":"fr-FR"},{"@type":"WebPage","@id":"https:\/\/fhpsbsc.be\/index.php\/liens-externes\/614-2\/#webpage","url":"https:\/\/fhpsbsc.be\/index.php\/liens-externes\/614-2\/","name":"R\u00e9gimes forestiers - F\u00e9d\u00e9ration Halieutique et Piscicole du Sous Bassin Semois-Chiers","isPartOf":{"@id":"https:\/\/fhpsbsc.be\/#website"},"datePublished":"2017-01-08T01:23:44+00:00","dateModified":"2017-01-08T01:48:07+00:00","breadcrumb":{"@id":"https:\/\/fhpsbsc.be\/index.php\/liens-externes\/614-2\/#breadcrumb"},"inLanguage":"fr-FR","potentialAction":[{"@type":"ReadAction","target":["https:\/\/fhpsbsc.be\/index.php\/liens-externes\/614-2\/"]}]},{"@type":"BreadcrumbList","@id":"https:\/\/fhpsbsc.be\/index.php\/liens-externes\/614-2\/#breadcrumb","itemListElement":[{"@type":"ListItem","position":1,"name":"Accueil","item":"https:\/\/fhpsbsc.be\/"},{"@type":"ListItem","position":2,"name":"R\u00e9forme de la p\u00eache","item":"https:\/\/fhpsbsc.be\/index.php\/liens-externes\/"},{"@type":"ListItem","position":3,"name":"R\u00e9gimes forestiers"}]}]}},"_links":{"self":[{"href":"https:\/\/fhpsbsc.be\/index.php\/wp-json\/wp\/v2\/pages\/614"}],"collection":[{"href":"https:\/\/fhpsbsc.be\/index.php\/wp-json\/wp\/v2\/pages"}],"about":[{"href":"https:\/\/fhpsbsc.be\/index.php\/wp-json\/wp\/v2\/types\/page"}],"author":[{"embeddable":true,"href":"https:\/\/fhpsbsc.be\/index.php\/wp-json\/wp\/v2\/users\/1"}],"replies":[{"embeddable":true,"href":"https:\/\/fhpsbsc.be\/index.php\/wp-json\/wp\/v2\/comments?post=614"}],"version-history":[{"count":5,"href":"https:\/\/fhpsbsc.be\/index.php\/wp-json\/wp\/v2\/pages\/614\/revisions"}],"predecessor-version":[{"id":619,"href":"https:\/\/fhpsbsc.be\/index.php\/wp-json\/wp\/v2\/pages\/614\/revisions\/619"}],"up":[{"embeddable":true,"href":"https:\/\/fhpsbsc.be\/index.php\/wp-json\/wp\/v2\/pages\/229"}],"wp:attachment":[{"href":"https:\/\/fhpsbsc.be\/index.php\/wp-json\/wp\/v2\/media?parent=614"}],"curies":[{"name":"wp","href":"https:\/\/api.w.org\/{rel}","templated":true}]}}