{"id":587,"date":"2017-01-08T00:55:45","date_gmt":"2017-01-07T23:55:45","guid":{"rendered":"http:\/\/fhpsbsc.be\/?page_id=587"},"modified":"2017-01-08T02:49:50","modified_gmt":"2017-01-08T01:49:50","slug":"587-2","status":"publish","type":"page","link":"https:\/\/fhpsbsc.be\/index.php\/liens-externes\/587-2\/","title":{"rendered":"P\u00e9riode d&rsquo;ouvertures et de fermetures"},"content":{"rendered":"<div class=\"fusion-fullwidth fullwidth-box fusion-builder-row-1 nonhundred-percent-fullwidth non-hundred-percent-height-scrolling\" style=\"background-color: rgba(255,255,255,0);background-position: center center;background-repeat: no-repeat;padding-top:20px;padding-right:0px;padding-bottom:20px;padding-left:0px;margin-bottom: 0px;margin-top: 0px;border-width: 0px 0px 0px 0px;border-color:#eae9e9;border-style:solid;\" ><div class=\"fusion-builder-row fusion-row\"><div class=\"fusion-layout-column fusion_builder_column fusion-builder-column-0 fusion_builder_column_1_4 1_4 fusion-one-fourth fusion-column-first\" style=\"width:25%;width:calc(25% - ( ( 4% + 4% + 4% ) * 0.25 ) );margin-right: 4%;margin-top:0px;margin-bottom:0px;\"><div class=\"fusion-column-wrapper fusion-flex-column-wrapper-legacy\" style=\"background-position:left top;background-repeat:no-repeat;-webkit-background-size:cover;-moz-background-size:cover;-o-background-size:cover;background-size:cover;padding: 0px 0px 0px 0px;\"><div class=\"fusion-text fusion-text-1\" style=\"transform:translate3d(0,0,0);\"><p style=\"text-align: left;\">\u00a0\u00a0\u00a0\u00a0\u00a0\u00a0 Groupe 1<\/p>\n<ul>\n<li style=\"text-align: left;\">Able de Heckel<\/li>\n<li style=\"text-align: left;\">Ablette commune<\/li>\n<li style=\"text-align: left;\">Br\u00e8me bordeli\u00e8re<\/li>\n<li style=\"text-align: left;\">Br\u00e8me commune<\/li>\n<li style=\"text-align: left;\">Carassin commun<\/li>\n<li style=\"text-align: left;\">carpe commune<\/li>\n<li style=\"text-align: left;\">Epinoche<\/li>\n<li style=\"text-align: left;\">Gardon<\/li>\n<li style=\"text-align: left;\">Ide m\u00e9lanote<\/li>\n<li style=\"text-align: left;\">Loche franche<\/li>\n<li style=\"text-align: left;\">Rotengle<\/li>\n<li style=\"text-align: left;\">Tanche<\/li>\n<\/ul>\n<\/div><div class=\"fusion-clearfix\"><\/div><\/div><\/div><div class=\"fusion-layout-column fusion_builder_column fusion-builder-column-1 fusion_builder_column_1_4 1_4 fusion-one-fourth\" style=\"width:25%;width:calc(25% - ( ( 4% + 4% + 4% ) * 0.25 ) );margin-right: 4%;margin-top:0px;margin-bottom:0px;\"><div class=\"fusion-column-wrapper fusion-flex-column-wrapper-legacy\" style=\"background-position:left top;background-repeat:no-repeat;-webkit-background-size:cover;-moz-background-size:cover;-o-background-size:cover;background-size:cover;padding: 0px 0px 0px 0px;\"><div class=\"fusion-text fusion-text-2\" style=\"transform:translate3d(0,0,0);\"><p>Groupe 2<\/p>\n<ul>\n<li>Ablette spirlin<\/li>\n<li>Aspe<\/li>\n<li>Brochet<\/li>\n<li>Barbeau fluviatile<\/li>\n<li>Chevaine<\/li>\n<li>Gr\u00e9mille<\/li>\n<li>Goujon<\/li>\n<li>Hotu<\/li>\n<li>Ombre<\/li>\n<li>Perche fluviatile<\/li>\n<li>Sandre<\/li>\n<li>Vairon<\/li>\n<li>Vandoise<\/li>\n<\/ul>\n<\/div><div class=\"fusion-clearfix\"><\/div><\/div><\/div><div class=\"fusion-layout-column fusion_builder_column fusion-builder-column-2 fusion_builder_column_1_4 1_4 fusion-one-fourth\" style=\"width:25%;width:calc(25% - ( ( 4% + 4% + 4% ) * 0.25 ) );margin-right: 4%;margin-top:0px;margin-bottom:0px;\"><div class=\"fusion-column-wrapper fusion-flex-column-wrapper-legacy\" style=\"background-position:left top;background-repeat:no-repeat;-webkit-background-size:cover;-moz-background-size:cover;-o-background-size:cover;background-size:cover;padding: 0px 0px 0px 0px;\"><div class=\"fusion-text fusion-text-3\" style=\"transform:translate3d(0,0,0);\"><p>Groupe 3<\/p>\n<ul>\n<li>Cor\u00e9gone lavaret<\/li>\n<li>Cor\u00e9gone peled<\/li>\n<li>Omble chevalier<\/li>\n<li>Omble de Fontaine<\/li>\n<li>Truite Arc-en-ciel<\/li>\n<li>Truite Fario<\/li>\n<\/ul>\n<\/div><div class=\"fusion-clearfix\"><\/div><\/div><\/div><div class=\"fusion-layout-column fusion_builder_column fusion-builder-column-3 fusion_builder_column_1_4 1_4 fusion-one-fourth fusion-column-last\" style=\"width:25%;width:calc(25% - ( ( 4% + 4% + 4% ) * 0.25 ) );margin-top:0px;margin-bottom:0px;\"><div class=\"fusion-column-wrapper fusion-flex-column-wrapper-legacy\" style=\"background-position:left top;background-repeat:no-repeat;-webkit-background-size:cover;-moz-background-size:cover;-o-background-size:cover;background-size:cover;padding: 0px 0px 0px 0px;\"><div class=\"fusion-text fusion-text-4\" style=\"transform:translate3d(0,0,0);\"><p>Groupe 4<\/p>\n<ul>\n<li>Saumon du Danube ou Huchon<\/li>\n<li>Carassin dor\u00e9<\/li>\n<li>Carpe argent\u00e9e<\/li>\n<li>Carpe herbivore<\/li>\n<li>Carpe marbr\u00e9e<\/li>\n<li>Ecrevisse am\u00e9ricaine<\/li>\n<li>Ecrevisse de Louisiane<\/li>\n<li>Ecrevisse signal<\/li>\n<li>Ecrevisse turque<\/li>\n<li>Esturgeon blanc<\/li>\n<li>Esturgeon jaune<\/li>\n<li>Esturgeon noir<\/li>\n<li>Esturgeon sib\u00e9rien<\/li>\n<li>Esturgeon sterlet<\/li>\n<li>Gib\u00e8le<\/li>\n<li>Gobie \u00e0 taches noires<\/li>\n<li>Gobie demi-lune<\/li>\n<li>Goujon de l&rsquo;Amour<\/li>\n<li>Ictalures<\/li>\n<li>Perche-soleil<\/li>\n<li>Petit poisson-chien<\/li>\n<li>Pseudorasbora<\/li>\n<li>Silure<\/li>\n<li>T\u00eate de boule<\/li>\n<\/ul>\n<\/div><div class=\"fusion-clearfix\"><\/div><\/div><\/div><div class=\"fusion-layout-column fusion_builder_column fusion-builder-column-4 fusion_builder_column_1_1 1_1 fusion-one-full fusion-column-first fusion-column-last\" style=\"margin-top:-500px;margin-bottom:0px;\"><div class=\"fusion-column-wrapper fusion-flex-column-wrapper-legacy\" style=\"background-position:left top;background-repeat:no-repeat;-webkit-background-size:cover;-moz-background-size:cover;-o-background-size:cover;background-size:cover;padding: 0px 0px 0px 0px;\"><span class=\" fusion-imageframe imageframe-none imageframe-1 hover-type-none\"><img width=\"971\" height=\"324\" title=\"groupe 1jpg_Page1\" src=\"http:\/\/fhpsbsc.be\/wp-content\/uploads\/2017\/01\/groupe-1jpg_Page1.jpg\" class=\"img-responsive wp-image-594\" srcset=\"https:\/\/fhpsbsc.be\/wp-content\/uploads\/2017\/01\/groupe-1jpg_Page1-200x67.jpg 200w, https:\/\/fhpsbsc.be\/wp-content\/uploads\/2017\/01\/groupe-1jpg_Page1-400x133.jpg 400w, https:\/\/fhpsbsc.be\/wp-content\/uploads\/2017\/01\/groupe-1jpg_Page1-600x200.jpg 600w, https:\/\/fhpsbsc.be\/wp-content\/uploads\/2017\/01\/groupe-1jpg_Page1-800x267.jpg 800w, https:\/\/fhpsbsc.be\/wp-content\/uploads\/2017\/01\/groupe-1jpg_Page1.jpg 971w\" sizes=\"(max-width: 800px) 100vw, 971px\" \/><\/span><span class=\" fusion-imageframe imageframe-none imageframe-2 hover-type-none\"><img width=\"970\" height=\"334\" title=\"groupe 2\" src=\"http:\/\/fhpsbsc.be\/wp-content\/uploads\/2017\/01\/groupe-2.jpg\" class=\"img-responsive wp-image-598\" srcset=\"https:\/\/fhpsbsc.be\/wp-content\/uploads\/2017\/01\/groupe-2-200x69.jpg 200w, https:\/\/fhpsbsc.be\/wp-content\/uploads\/2017\/01\/groupe-2-400x138.jpg 400w, https:\/\/fhpsbsc.be\/wp-content\/uploads\/2017\/01\/groupe-2-600x207.jpg 600w, https:\/\/fhpsbsc.be\/wp-content\/uploads\/2017\/01\/groupe-2-800x275.jpg 800w, https:\/\/fhpsbsc.be\/wp-content\/uploads\/2017\/01\/groupe-2.jpg 970w\" sizes=\"(max-width: 800px) 100vw, 970px\" \/><\/span><span class=\" fusion-imageframe imageframe-none imageframe-3 hover-type-none\"><img width=\"927\" height=\"321\" title=\"groupe 3jpg_Page1\" src=\"http:\/\/fhpsbsc.be\/wp-content\/uploads\/2017\/01\/groupe-3jpg_Page1.jpg\" class=\"img-responsive wp-image-599\" srcset=\"https:\/\/fhpsbsc.be\/wp-content\/uploads\/2017\/01\/groupe-3jpg_Page1-200x69.jpg 200w, https:\/\/fhpsbsc.be\/wp-content\/uploads\/2017\/01\/groupe-3jpg_Page1-400x139.jpg 400w, https:\/\/fhpsbsc.be\/wp-content\/uploads\/2017\/01\/groupe-3jpg_Page1-600x208.jpg 600w, https:\/\/fhpsbsc.be\/wp-content\/uploads\/2017\/01\/groupe-3jpg_Page1-800x277.jpg 800w, https:\/\/fhpsbsc.be\/wp-content\/uploads\/2017\/01\/groupe-3jpg_Page1.jpg 927w\" sizes=\"(max-width: 800px) 100vw, 927px\" \/><\/span><span class=\" fusion-imageframe imageframe-none imageframe-4 hover-type-none\"><img width=\"919\" height=\"325\" title=\"groupe 4jpg_Page1\" src=\"http:\/\/fhpsbsc.be\/wp-content\/uploads\/2017\/01\/groupe-4jpg_Page1.jpg\" class=\"img-responsive wp-image-600\" srcset=\"https:\/\/fhpsbsc.be\/wp-content\/uploads\/2017\/01\/groupe-4jpg_Page1-200x71.jpg 200w, https:\/\/fhpsbsc.be\/wp-content\/uploads\/2017\/01\/groupe-4jpg_Page1-400x141.jpg 400w, https:\/\/fhpsbsc.be\/wp-content\/uploads\/2017\/01\/groupe-4jpg_Page1-600x212.jpg 600w, https:\/\/fhpsbsc.be\/wp-content\/uploads\/2017\/01\/groupe-4jpg_Page1-800x283.jpg 800w, https:\/\/fhpsbsc.be\/wp-content\/uploads\/2017\/01\/groupe-4jpg_Page1.jpg 919w\" sizes=\"(max-width: 800px) 100vw, 919px\" \/><\/span><span class=\" fusion-imageframe imageframe-none imageframe-5 hover-type-none\"><img width=\"968\" height=\"318\" title=\"eaux calmesjpg_Page1\" src=\"http:\/\/fhpsbsc.be\/wp-content\/uploads\/2017\/01\/eaux-calmesjpg_Page1.jpg\" class=\"img-responsive wp-image-595\" srcset=\"https:\/\/fhpsbsc.be\/wp-content\/uploads\/2017\/01\/eaux-calmesjpg_Page1-200x66.jpg 200w, https:\/\/fhpsbsc.be\/wp-content\/uploads\/2017\/01\/eaux-calmesjpg_Page1-400x131.jpg 400w, https:\/\/fhpsbsc.be\/wp-content\/uploads\/2017\/01\/eaux-calmesjpg_Page1-600x197.jpg 600w, https:\/\/fhpsbsc.be\/wp-content\/uploads\/2017\/01\/eaux-calmesjpg_Page1-800x263.jpg 800w, https:\/\/fhpsbsc.be\/wp-content\/uploads\/2017\/01\/eaux-calmesjpg_Page1.jpg 968w\" sizes=\"(max-width: 800px) 100vw, 968px\" \/><\/span><span class=\" fusion-imageframe imageframe-none imageframe-6 hover-type-none\"><img width=\"968\" height=\"288\" title=\"eaux mixtesjpg_Page1\" src=\"http:\/\/fhpsbsc.be\/wp-content\/uploads\/2017\/01\/eaux-mixtesjpg_Page1.jpg\" class=\"img-responsive wp-image-596\" srcset=\"https:\/\/fhpsbsc.be\/wp-content\/uploads\/2017\/01\/eaux-mixtesjpg_Page1-200x60.jpg 200w, https:\/\/fhpsbsc.be\/wp-content\/uploads\/2017\/01\/eaux-mixtesjpg_Page1-400x119.jpg 400w, https:\/\/fhpsbsc.be\/wp-content\/uploads\/2017\/01\/eaux-mixtesjpg_Page1-600x179.jpg 600w, https:\/\/fhpsbsc.be\/wp-content\/uploads\/2017\/01\/eaux-mixtesjpg_Page1-800x238.jpg 800w, https:\/\/fhpsbsc.be\/wp-content\/uploads\/2017\/01\/eaux-mixtesjpg_Page1.jpg 968w\" sizes=\"(max-width: 800px) 100vw, 968px\" \/><\/span><span class=\" fusion-imageframe imageframe-none imageframe-7 hover-type-none\"><img width=\"968\" height=\"285\" title=\"eaux vivesjpg_Page1\" src=\"http:\/\/fhpsbsc.be\/wp-content\/uploads\/2017\/01\/eaux-vivesjpg_Page1.jpg\" class=\"img-responsive wp-image-597\" srcset=\"https:\/\/fhpsbsc.be\/wp-content\/uploads\/2017\/01\/eaux-vivesjpg_Page1-200x59.jpg 200w, https:\/\/fhpsbsc.be\/wp-content\/uploads\/2017\/01\/eaux-vivesjpg_Page1-400x118.jpg 400w, https:\/\/fhpsbsc.be\/wp-content\/uploads\/2017\/01\/eaux-vivesjpg_Page1-600x177.jpg 600w, https:\/\/fhpsbsc.be\/wp-content\/uploads\/2017\/01\/eaux-vivesjpg_Page1-800x236.jpg 800w, https:\/\/fhpsbsc.be\/wp-content\/uploads\/2017\/01\/eaux-vivesjpg_Page1.jpg 968w\" sizes=\"(max-width: 800px) 100vw, 968px\" \/><\/span><div class=\"fusion-clearfix\"><\/div><\/div><\/div><div class=\"fusion-layout-column fusion_builder_column fusion-builder-column-5 fusion_builder_column_1_1 1_1 fusion-one-full fusion-column-first fusion-column-last\" style=\"margin-top:0px;margin-bottom:0px;\"><div class=\"fusion-column-wrapper fusion-flex-column-wrapper-legacy\" style=\"background-position:left top;background-repeat:no-repeat;-webkit-background-size:cover;-moz-background-size:cover;-o-background-size:cover;background-size:cover;padding: 0px 0px 0px 0px;\"><div class=\"fusion-clearfix\"><\/div><\/div><\/div><\/div><\/div>\n","protected":false},"excerpt":{"rendered":"","protected":false},"author":1,"featured_media":0,"parent":229,"menu_order":6,"comment_status":"closed","ping_status":"closed","template":"side-navigation.php","meta":{"_monsterinsights_skip_tracking":false,"_monsterinsights_sitenote_active":false,"_monsterinsights_sitenote_note":"","_monsterinsights_sitenote_category":0},"yoast_head":"<!-- This site is optimized with the Yoast SEO plugin v17.9 - https:\/\/yoast.com\/wordpress\/plugins\/seo\/ -->\n<title>P\u00e9riode d&#039;ouvertures et de fermetures - F\u00e9d\u00e9ration Halieutique et Piscicole du Sous Bassin Semois-Chiers<\/title>\n<meta name=\"robots\" content=\"index, follow, max-snippet:-1, max-image-preview:large, max-video-preview:-1\" \/>\n<link rel=\"canonical\" href=\"https:\/\/fhpsbsc.be\/index.php\/liens-externes\/587-2\/\" \/>\n<meta property=\"og:locale\" content=\"fr_FR\" \/>\n<meta property=\"og:type\" content=\"article\" \/>\n<meta property=\"og:title\" content=\"P\u00e9riode d&#039;ouvertures et de fermetures - F\u00e9d\u00e9ration Halieutique et Piscicole du Sous Bassin Semois-Chiers\" \/>\n<meta property=\"og:url\" content=\"https:\/\/fhpsbsc.be\/index.php\/liens-externes\/587-2\/\" \/>\n<meta property=\"og:site_name\" content=\"F\u00e9d\u00e9ration Halieutique et Piscicole du Sous Bassin Semois-Chiers\" \/>\n<meta property=\"article:modified_time\" content=\"2017-01-08T01:49:50+00:00\" \/>\n<meta name=\"twitter:card\" content=\"summary_large_image\" \/>\n<meta name=\"twitter:label1\" content=\"Dur\u00e9e de lecture estim\u00e9e\" \/>\n\t<meta name=\"twitter:data1\" content=\"4 minutes\" \/>\n<script type=\"application\/ld+json\" class=\"yoast-schema-graph\">{\"@context\":\"https:\/\/schema.org\",\"@graph\":[{\"@type\":\"WebSite\",\"@id\":\"https:\/\/fhpsbsc.be\/#website\",\"url\":\"https:\/\/fhpsbsc.be\/\",\"name\":\"F\\u00e9d\\u00e9ration Halieutique et Piscicole du Sous Bassin Semois-Chiers\",\"description\":\"\",\"potentialAction\":[{\"@type\":\"SearchAction\",\"target\":{\"@type\":\"EntryPoint\",\"urlTemplate\":\"https:\/\/fhpsbsc.be\/?s={search_term_string}\"},\"query-input\":\"required name=search_term_string\"}],\"inLanguage\":\"fr-FR\"},{\"@type\":\"WebPage\",\"@id\":\"https:\/\/fhpsbsc.be\/index.php\/liens-externes\/587-2\/#webpage\",\"url\":\"https:\/\/fhpsbsc.be\/index.php\/liens-externes\/587-2\/\",\"name\":\"P\\u00e9riode d'ouvertures et de fermetures - F\\u00e9d\\u00e9ration Halieutique et Piscicole du Sous Bassin Semois-Chiers\",\"isPartOf\":{\"@id\":\"https:\/\/fhpsbsc.be\/#website\"},\"datePublished\":\"2017-01-07T23:55:45+00:00\",\"dateModified\":\"2017-01-08T01:49:50+00:00\",\"breadcrumb\":{\"@id\":\"https:\/\/fhpsbsc.be\/index.php\/liens-externes\/587-2\/#breadcrumb\"},\"inLanguage\":\"fr-FR\",\"potentialAction\":[{\"@type\":\"ReadAction\",\"target\":[\"https:\/\/fhpsbsc.be\/index.php\/liens-externes\/587-2\/\"]}]},{\"@type\":\"BreadcrumbList\",\"@id\":\"https:\/\/fhpsbsc.be\/index.php\/liens-externes\/587-2\/#breadcrumb\",\"itemListElement\":[{\"@type\":\"ListItem\",\"position\":1,\"name\":\"Accueil\",\"item\":\"https:\/\/fhpsbsc.be\/\"},{\"@type\":\"ListItem\",\"position\":2,\"name\":\"R\\u00e9forme de la p\\u00eache\",\"item\":\"https:\/\/fhpsbsc.be\/index.php\/liens-externes\/\"},{\"@type\":\"ListItem\",\"position\":3,\"name\":\"P\\u00e9riode d&rsquo;ouvertures et de fermetures\"}]}]}<\/script>\n<!-- \/ Yoast SEO plugin. -->","yoast_head_json":{"title":"P\u00e9riode d'ouvertures et de fermetures - F\u00e9d\u00e9ration Halieutique et Piscicole du Sous Bassin Semois-Chiers","robots":{"index":"index","follow":"follow","max-snippet":"max-snippet:-1","max-image-preview":"max-image-preview:large","max-video-preview":"max-video-preview:-1"},"canonical":"https:\/\/fhpsbsc.be\/index.php\/liens-externes\/587-2\/","og_locale":"fr_FR","og_type":"article","og_title":"P\u00e9riode d'ouvertures et de fermetures - F\u00e9d\u00e9ration Halieutique et Piscicole du Sous Bassin Semois-Chiers","og_url":"https:\/\/fhpsbsc.be\/index.php\/liens-externes\/587-2\/","og_site_name":"F\u00e9d\u00e9ration Halieutique et Piscicole du Sous Bassin Semois-Chiers","article_modified_time":"2017-01-08T01:49:50+00:00","twitter_card":"summary_large_image","twitter_misc":{"Dur\u00e9e de lecture estim\u00e9e":"4 minutes"},"schema":{"@context":"https:\/\/schema.org","@graph":[{"@type":"WebSite","@id":"https:\/\/fhpsbsc.be\/#website","url":"https:\/\/fhpsbsc.be\/","name":"F\u00e9d\u00e9ration Halieutique et Piscicole du Sous Bassin Semois-Chiers","description":"","potentialAction":[{"@type":"SearchAction","target":{"@type":"EntryPoint","urlTemplate":"https:\/\/fhpsbsc.be\/?s={search_term_string}"},"query-input":"required name=search_term_string"}],"inLanguage":"fr-FR"},{"@type":"WebPage","@id":"https:\/\/fhpsbsc.be\/index.php\/liens-externes\/587-2\/#webpage","url":"https:\/\/fhpsbsc.be\/index.php\/liens-externes\/587-2\/","name":"P\u00e9riode d'ouvertures et de fermetures - F\u00e9d\u00e9ration Halieutique et Piscicole du Sous Bassin Semois-Chiers","isPartOf":{"@id":"https:\/\/fhpsbsc.be\/#website"},"datePublished":"2017-01-07T23:55:45+00:00","dateModified":"2017-01-08T01:49:50+00:00","breadcrumb":{"@id":"https:\/\/fhpsbsc.be\/index.php\/liens-externes\/587-2\/#breadcrumb"},"inLanguage":"fr-FR","potentialAction":[{"@type":"ReadAction","target":["https:\/\/fhpsbsc.be\/index.php\/liens-externes\/587-2\/"]}]},{"@type":"BreadcrumbList","@id":"https:\/\/fhpsbsc.be\/index.php\/liens-externes\/587-2\/#breadcrumb","itemListElement":[{"@type":"ListItem","position":1,"name":"Accueil","item":"https:\/\/fhpsbsc.be\/"},{"@type":"ListItem","position":2,"name":"R\u00e9forme de la p\u00eache","item":"https:\/\/fhpsbsc.be\/index.php\/liens-externes\/"},{"@type":"ListItem","position":3,"name":"P\u00e9riode d&rsquo;ouvertures et de fermetures"}]}]}},"_links":{"self":[{"href":"https:\/\/fhpsbsc.be\/index.php\/wp-json\/wp\/v2\/pages\/587"}],"collection":[{"href":"https:\/\/fhpsbsc.be\/index.php\/wp-json\/wp\/v2\/pages"}],"about":[{"href":"https:\/\/fhpsbsc.be\/index.php\/wp-json\/wp\/v2\/types\/page"}],"author":[{"embeddable":true,"href":"https:\/\/fhpsbsc.be\/index.php\/wp-json\/wp\/v2\/users\/1"}],"replies":[{"embeddable":true,"href":"https:\/\/fhpsbsc.be\/index.php\/wp-json\/wp\/v2\/comments?post=587"}],"version-history":[{"count":11,"href":"https:\/\/fhpsbsc.be\/index.php\/wp-json\/wp\/v2\/pages\/587\/revisions"}],"predecessor-version":[{"id":606,"href":"https:\/\/fhpsbsc.be\/index.php\/wp-json\/wp\/v2\/pages\/587\/revisions\/606"}],"up":[{"embeddable":true,"href":"https:\/\/fhpsbsc.be\/index.php\/wp-json\/wp\/v2\/pages\/229"}],"wp:attachment":[{"href":"https:\/\/fhpsbsc.be\/index.php\/wp-json\/wp\/v2\/media?parent=587"}],"curies":[{"name":"wp","href":"https:\/\/api.w.org\/{rel}","templated":true}]}}