{"id":576,"date":"2017-01-07T23:44:59","date_gmt":"2017-01-07T22:44:59","guid":{"rendered":"http:\/\/fhpsbsc.be\/?page_id=576"},"modified":"2017-01-08T02:51:12","modified_gmt":"2017-01-08T01:51:12","slug":"les-zones-deaux","status":"publish","type":"page","link":"https:\/\/fhpsbsc.be\/index.php\/liens-externes\/les-zones-deaux\/","title":{"rendered":"Les zones d&rsquo;eaux"},"content":{"rendered":"<div class=\"fusion-fullwidth fullwidth-box fusion-builder-row-1 nonhundred-percent-fullwidth non-hundred-percent-height-scrolling\" style=\"background-color: rgba(255,255,255,0);background-position: center center;background-repeat: no-repeat;padding-top:20px;padding-right:0px;padding-bottom:20px;padding-left:0px;margin-bottom: 0px;margin-top: 0px;border-width: 0px 0px 0px 0px;border-color:#eae9e9;border-style:solid;\" ><div class=\"fusion-builder-row fusion-row\"><div class=\"fusion-layout-column fusion_builder_column fusion-builder-column-0 fusion_builder_column_1_3 1_3 fusion-one-third fusion-column-first\" style=\"width:33.333333333333%;width:calc(33.333333333333% - ( ( 4% + 4% ) * 0.33333333333333 ) );margin-right: 4%;margin-top:0px;margin-bottom:0px;\"><div class=\"fusion-column-wrapper fusion-flex-column-wrapper-legacy\" style=\"background-position:left top;background-repeat:no-repeat;-webkit-background-size:cover;-moz-background-size:cover;-o-background-size:cover;background-size:cover;padding: 0px 0px 0px 0px;\"><style type=\"text\/css\"><\/style><div class=\"fusion-title title fusion-title-1 fusion-title-text fusion-title-size-one\" style=\"margin-top:0px;margin-bottom:31px;\"><h1 class=\"title-heading-left\" style=\"margin:0;\"><h1 style=\"text-align: center;\"><span style=\"color: #0000ff;\"><strong>Zone d&rsquo;eaux calmes<\/strong><\/span><\/h1><\/h1><div class=\"title-sep-container\"><div class=\"title-sep sep-double sep-solid\" style=\"border-color:#e0dede;\"><\/div><\/div><\/div><div class=\"fusion-text fusion-text-1\" style=\"transform:translate3d(0,0,0);\"><p>1\u00b0 la Meuse;<\/p>\n<p>2\u00b0 la Sambre et ses bras morts;<\/p>\n<p>3\u00b0 l&rsquo;Escaut et ses coupures;<\/p>\n<p>4\u00b0 la Lys;<\/p>\n<p>5\u00b0 le Geer;<\/p>\n<p>6\u00b0 les canaux suivants et leurs annexes, telles que coupures et bassins : Canal Albert, canaux hennuyers, ancien canal Charleroi-Bruxelles, canal de l&rsquo;Ourthe (Chanxhe-Poulseur et Angleur), la Dendre canalis\u00e9e en amont de Ath;<\/p>\n<p>7\u00b0 les autres canaux ou parties de canaux mentionn\u00e9s \u00e0 l&rsquo;annexe 1<sup>re<\/sup>de l&rsquo;arr\u00eat\u00e9 royal du 2 f\u00e9vrier 1993 dressant la liste des voies hydrauliques et de leurs d\u00e9pendances transf\u00e9r\u00e9es de l&rsquo;Etat \u00e0 la R\u00e9gion wallonne;<\/p>\n<p>8\u00b0 les lacs suivants : le lac de B\u00fctgenbach, les lacs de l&rsquo;Eau d&rsquo;Heure, le lac d&rsquo;Eupen, le lac de la Gileppe, le lac de Neufch\u00e2teau, le lac de Nisramont, le lac de Robertville, le lac du Ry de Rome, le lac de Suxy, le lac de Warfaaz;<\/p>\n<p>9\u00b0 les \u00e9tangs suivants : \u00e9tang des Basses Forges \u00e0 Mellier, \u00e9tang du Bocq \u00e0 Scy, \u00e9tangs de Bologne \u00e0 Habay, \u00e9tang du Ch\u00e2telet \u00e0 Habay, lac des Doyards \u00e0 Vielsalm, \u00e9tang de la Fabrique \u00e0 Habay, \u00e9tang du Moulin \u00e0 Habay, \u00e9tang de Nismes, \u00e9tang de Poix \u00e0 Poix-Saint-Hubert, \u00e9tang du pont d&rsquo;Oyes \u00e0 Habay, \u00e9tang de la Trapperie \u00e0 Habay, \u00e9tang de Serinchamps.<\/p>\n<\/div><div class=\"fusion-clearfix\"><\/div><\/div><\/div><div class=\"fusion-layout-column fusion_builder_column fusion-builder-column-1 fusion_builder_column_1_3 1_3 fusion-one-third\" style=\"width:33.333333333333%;width:calc(33.333333333333% - ( ( 4% + 4% ) * 0.33333333333333 ) );margin-right: 4%;margin-top:0px;margin-bottom:0px;\"><div class=\"fusion-column-wrapper fusion-flex-column-wrapper-legacy\" style=\"background-position:left top;background-repeat:no-repeat;-webkit-background-size:cover;-moz-background-size:cover;-o-background-size:cover;background-size:cover;padding: 0px 0px 0px 0px;\"><style type=\"text\/css\"><\/style><div class=\"fusion-title title fusion-title-2 fusion-title-text fusion-title-size-one\" style=\"margin-top:0px;margin-bottom:31px;\"><h1 class=\"title-heading-left\" style=\"margin:0;\"><h1 style=\"text-align: center;\"><span style=\"color: #0000ff;\"><strong>Zone d&rsquo;eaux mixtes<\/strong><\/span><\/h1><\/h1><div class=\"title-sep-container\"><div class=\"title-sep sep-double sep-solid\" style=\"border-color:#e0dede;\"><\/div><\/div><\/div><div class=\"fusion-text fusion-text-2\" style=\"transform:translate3d(0,0,0);\"><p>1\u00b0 l&rsquo;Ambl\u00e8ve en aval du pont de Sougn\u00e9;<\/p>\n<p>2\u00b0 la Chiers;<\/p>\n<p>3\u00b0 la Dendre dans sa partie non reprise parmi les voies hydrauliques, ainsi que ses affluents;<\/p>\n<p>4\u00b0 la Dyle en aval de la confluence du Gala (ou du Cala);<\/p>\n<p>5\u00b0 l&rsquo;Eau d&rsquo;Heure;<\/p>\n<p>6\u00b0 la Hantes, en aval de la fronti\u00e8re fran\u00e7aise \u00e0 Montignies-Saint-Christophe;<\/p>\n<p>7\u00b0 le Hemlot;<\/p>\n<p>8\u00b0 la Lesse en aval de la confluence avec la Lhomme;<\/p>\n<p>9\u00b0 la Mehaigne et son affluent la Soile;<\/p>\n<p>10\u00b0 le ruisseau de Neufch\u00e2teau en aval du lac de Neufch\u00e2teau;<\/p>\n<p>11\u00b0 l&rsquo;Omeau en aval d&rsquo;Onoz;<\/p>\n<p>12\u00b0 l&rsquo;Ourthe en aval du pont de Jupille \u00e0 Hodister;<\/p>\n<p>13\u00b0 la Rulles en aval de l&rsquo;\u00e9tang de la Trapperie;<\/p>\n<p>14\u00b0 la Semois;<\/p>\n<p>15\u00b0 la Senne;<\/p>\n<p>16\u00b0 la Vesdre en aval de la confluence avec la Ho\u00ebgne;<\/p>\n<p>17\u00b0 la Vierre en aval de la confluence avec le ruisseau de Neufch\u00e2teau;<\/p>\n<p>18\u00b0 le Viroin;<\/p>\n<p>19\u00b0 la Vire de la confluence du Ru du Fond du Haza jusqu&rsquo;\u00e0 la confluence avec le Ton;<\/p>\n<\/div><div class=\"fusion-clearfix\"><\/div><\/div><\/div><div class=\"fusion-layout-column fusion_builder_column fusion-builder-column-2 fusion_builder_column_1_3 1_3 fusion-one-third fusion-column-last\" style=\"width:33.333333333333%;width:calc(33.333333333333% - ( ( 4% + 4% ) * 0.33333333333333 ) );margin-top:0px;margin-bottom:0px;\"><div class=\"fusion-column-wrapper fusion-flex-column-wrapper-legacy\" style=\"background-position:left top;background-repeat:no-repeat;-webkit-background-size:cover;-moz-background-size:cover;-o-background-size:cover;background-size:cover;padding: 0px 0px 0px 0px;\"><style type=\"text\/css\"><\/style><div class=\"fusion-title title fusion-title-3 fusion-title-text fusion-title-size-one\" style=\"margin-top:0px;margin-bottom:31px;\"><h1 class=\"title-heading-left\" style=\"margin:0;\"><h1 style=\"text-align: center;\"><span style=\"color: #0000ff;\"><strong>Zone d&rsquo;eaux vives<\/strong><\/span><\/h1><\/h1><div class=\"title-sep-container\"><div class=\"title-sep sep-double sep-solid\" style=\"border-color:#e0dede;\"><\/div><\/div><\/div><div class=\"fusion-text fusion-text-3\" style=\"transform:translate3d(0,0,0);\"><p>1\u00b0 l&rsquo;Ambl\u00e8ve en amont du Pont de Sougn\u00e9;<\/p>\n<p>2\u00b0 l&rsquo;Ourthe en amont du Pont de Jupille \u00e0 Hodister;<\/p>\n<p>3\u00b0 la Vesdre en amont de la confluence avec la Ho\u00ebgne;<\/p>\n<p>4\u00b0 tous les autres cours d&rsquo;eau non cit\u00e9s ci-avant dans la pr\u00e9sente annexe.<\/p>\n<\/div><div class=\"fusion-clearfix\"><\/div><\/div><\/div><\/div><\/div>\n","protected":false},"excerpt":{"rendered":"","protected":false},"author":1,"featured_media":0,"parent":229,"menu_order":3,"comment_status":"closed","ping_status":"closed","template":"side-navigation.php","meta":{"_monsterinsights_skip_tracking":false,"_monsterinsights_sitenote_active":false,"_monsterinsights_sitenote_note":"","_monsterinsights_sitenote_category":0},"yoast_head":"<!-- This site is optimized with the Yoast SEO plugin v17.9 - https:\/\/yoast.com\/wordpress\/plugins\/seo\/ -->\n<title>Les zones d&#039;eaux - F\u00e9d\u00e9ration Halieutique et Piscicole du Sous Bassin Semois-Chiers<\/title>\n<meta name=\"robots\" content=\"index, follow, max-snippet:-1, max-image-preview:large, max-video-preview:-1\" \/>\n<link rel=\"canonical\" href=\"https:\/\/fhpsbsc.be\/index.php\/liens-externes\/les-zones-deaux\/\" \/>\n<meta property=\"og:locale\" content=\"fr_FR\" \/>\n<meta property=\"og:type\" content=\"article\" \/>\n<meta property=\"og:title\" content=\"Les zones d&#039;eaux - F\u00e9d\u00e9ration Halieutique et Piscicole du Sous Bassin Semois-Chiers\" \/>\n<meta property=\"og:url\" content=\"https:\/\/fhpsbsc.be\/index.php\/liens-externes\/les-zones-deaux\/\" \/>\n<meta property=\"og:site_name\" content=\"F\u00e9d\u00e9ration Halieutique et Piscicole du Sous Bassin Semois-Chiers\" \/>\n<meta property=\"article:modified_time\" content=\"2017-01-08T01:51:12+00:00\" \/>\n<meta name=\"twitter:card\" content=\"summary_large_image\" \/>\n<meta name=\"twitter:label1\" content=\"Dur\u00e9e de lecture estim\u00e9e\" \/>\n\t<meta name=\"twitter:data1\" content=\"3 minutes\" \/>\n<script type=\"application\/ld+json\" class=\"yoast-schema-graph\">{\"@context\":\"https:\/\/schema.org\",\"@graph\":[{\"@type\":\"WebSite\",\"@id\":\"https:\/\/fhpsbsc.be\/#website\",\"url\":\"https:\/\/fhpsbsc.be\/\",\"name\":\"F\\u00e9d\\u00e9ration Halieutique et Piscicole du Sous Bassin Semois-Chiers\",\"description\":\"\",\"potentialAction\":[{\"@type\":\"SearchAction\",\"target\":{\"@type\":\"EntryPoint\",\"urlTemplate\":\"https:\/\/fhpsbsc.be\/?s={search_term_string}\"},\"query-input\":\"required name=search_term_string\"}],\"inLanguage\":\"fr-FR\"},{\"@type\":\"WebPage\",\"@id\":\"https:\/\/fhpsbsc.be\/index.php\/liens-externes\/les-zones-deaux\/#webpage\",\"url\":\"https:\/\/fhpsbsc.be\/index.php\/liens-externes\/les-zones-deaux\/\",\"name\":\"Les zones d'eaux - F\\u00e9d\\u00e9ration Halieutique et Piscicole du Sous Bassin Semois-Chiers\",\"isPartOf\":{\"@id\":\"https:\/\/fhpsbsc.be\/#website\"},\"datePublished\":\"2017-01-07T22:44:59+00:00\",\"dateModified\":\"2017-01-08T01:51:12+00:00\",\"breadcrumb\":{\"@id\":\"https:\/\/fhpsbsc.be\/index.php\/liens-externes\/les-zones-deaux\/#breadcrumb\"},\"inLanguage\":\"fr-FR\",\"potentialAction\":[{\"@type\":\"ReadAction\",\"target\":[\"https:\/\/fhpsbsc.be\/index.php\/liens-externes\/les-zones-deaux\/\"]}]},{\"@type\":\"BreadcrumbList\",\"@id\":\"https:\/\/fhpsbsc.be\/index.php\/liens-externes\/les-zones-deaux\/#breadcrumb\",\"itemListElement\":[{\"@type\":\"ListItem\",\"position\":1,\"name\":\"Accueil\",\"item\":\"https:\/\/fhpsbsc.be\/\"},{\"@type\":\"ListItem\",\"position\":2,\"name\":\"R\\u00e9forme de la p\\u00eache\",\"item\":\"https:\/\/fhpsbsc.be\/index.php\/liens-externes\/\"},{\"@type\":\"ListItem\",\"position\":3,\"name\":\"Les zones d&rsquo;eaux\"}]}]}<\/script>\n<!-- \/ Yoast SEO plugin. -->","yoast_head_json":{"title":"Les zones d'eaux - F\u00e9d\u00e9ration Halieutique et Piscicole du Sous Bassin Semois-Chiers","robots":{"index":"index","follow":"follow","max-snippet":"max-snippet:-1","max-image-preview":"max-image-preview:large","max-video-preview":"max-video-preview:-1"},"canonical":"https:\/\/fhpsbsc.be\/index.php\/liens-externes\/les-zones-deaux\/","og_locale":"fr_FR","og_type":"article","og_title":"Les zones d'eaux - F\u00e9d\u00e9ration Halieutique et Piscicole du Sous Bassin Semois-Chiers","og_url":"https:\/\/fhpsbsc.be\/index.php\/liens-externes\/les-zones-deaux\/","og_site_name":"F\u00e9d\u00e9ration Halieutique et Piscicole du Sous Bassin Semois-Chiers","article_modified_time":"2017-01-08T01:51:12+00:00","twitter_card":"summary_large_image","twitter_misc":{"Dur\u00e9e de lecture estim\u00e9e":"3 minutes"},"schema":{"@context":"https:\/\/schema.org","@graph":[{"@type":"WebSite","@id":"https:\/\/fhpsbsc.be\/#website","url":"https:\/\/fhpsbsc.be\/","name":"F\u00e9d\u00e9ration Halieutique et Piscicole du Sous Bassin Semois-Chiers","description":"","potentialAction":[{"@type":"SearchAction","target":{"@type":"EntryPoint","urlTemplate":"https:\/\/fhpsbsc.be\/?s={search_term_string}"},"query-input":"required name=search_term_string"}],"inLanguage":"fr-FR"},{"@type":"WebPage","@id":"https:\/\/fhpsbsc.be\/index.php\/liens-externes\/les-zones-deaux\/#webpage","url":"https:\/\/fhpsbsc.be\/index.php\/liens-externes\/les-zones-deaux\/","name":"Les zones d'eaux - F\u00e9d\u00e9ration Halieutique et Piscicole du Sous Bassin Semois-Chiers","isPartOf":{"@id":"https:\/\/fhpsbsc.be\/#website"},"datePublished":"2017-01-07T22:44:59+00:00","dateModified":"2017-01-08T01:51:12+00:00","breadcrumb":{"@id":"https:\/\/fhpsbsc.be\/index.php\/liens-externes\/les-zones-deaux\/#breadcrumb"},"inLanguage":"fr-FR","potentialAction":[{"@type":"ReadAction","target":["https:\/\/fhpsbsc.be\/index.php\/liens-externes\/les-zones-deaux\/"]}]},{"@type":"BreadcrumbList","@id":"https:\/\/fhpsbsc.be\/index.php\/liens-externes\/les-zones-deaux\/#breadcrumb","itemListElement":[{"@type":"ListItem","position":1,"name":"Accueil","item":"https:\/\/fhpsbsc.be\/"},{"@type":"ListItem","position":2,"name":"R\u00e9forme de la p\u00eache","item":"https:\/\/fhpsbsc.be\/index.php\/liens-externes\/"},{"@type":"ListItem","position":3,"name":"Les zones d&rsquo;eaux"}]}]}},"_links":{"self":[{"href":"https:\/\/fhpsbsc.be\/index.php\/wp-json\/wp\/v2\/pages\/576"}],"collection":[{"href":"https:\/\/fhpsbsc.be\/index.php\/wp-json\/wp\/v2\/pages"}],"about":[{"href":"https:\/\/fhpsbsc.be\/index.php\/wp-json\/wp\/v2\/types\/page"}],"author":[{"embeddable":true,"href":"https:\/\/fhpsbsc.be\/index.php\/wp-json\/wp\/v2\/users\/1"}],"replies":[{"embeddable":true,"href":"https:\/\/fhpsbsc.be\/index.php\/wp-json\/wp\/v2\/comments?post=576"}],"version-history":[{"count":3,"href":"https:\/\/fhpsbsc.be\/index.php\/wp-json\/wp\/v2\/pages\/576\/revisions"}],"predecessor-version":[{"id":629,"href":"https:\/\/fhpsbsc.be\/index.php\/wp-json\/wp\/v2\/pages\/576\/revisions\/629"}],"up":[{"embeddable":true,"href":"https:\/\/fhpsbsc.be\/index.php\/wp-json\/wp\/v2\/pages\/229"}],"wp:attachment":[{"href":"https:\/\/fhpsbsc.be\/index.php\/wp-json\/wp\/v2\/media?parent=576"}],"curies":[{"name":"wp","href":"https:\/\/api.w.org\/{rel}","templated":true}]}}