{"id":573,"date":"2017-01-07T23:38:48","date_gmt":"2017-01-07T22:38:48","guid":{"rendered":"http:\/\/fhpsbsc.be\/?page_id=573"},"modified":"2017-01-08T02:49:06","modified_gmt":"2017-01-08T01:49:06","slug":"tailles-et-quotas-de-captures","status":"publish","type":"page","link":"https:\/\/fhpsbsc.be\/index.php\/liens-externes\/tailles-et-quotas-de-captures\/","title":{"rendered":"Tailles et quotas de captures"},"content":{"rendered":"<div class=\"fusion-fullwidth fullwidth-box fusion-builder-row-1 nonhundred-percent-fullwidth non-hundred-percent-height-scrolling\" style=\"background-color: rgba(255,255,255,0);background-position: center center;background-repeat: no-repeat;padding-top:20px;padding-right:0px;padding-bottom:20px;padding-left:0px;margin-bottom: 0px;margin-top: 0px;border-width: 0px 0px 0px 0px;border-color:#eae9e9;border-style:solid;\" ><div class=\"fusion-builder-row fusion-row\"><div class=\"fusion-layout-column fusion_builder_column fusion-builder-column-0 fusion_builder_column_1_1 1_1 fusion-one-full fusion-column-first fusion-column-last\" style=\"margin-top:0px;margin-bottom:0px;\"><div class=\"fusion-column-wrapper fusion-flex-column-wrapper-legacy\" style=\"background-position:left top;background-repeat:no-repeat;-webkit-background-size:cover;-moz-background-size:cover;-o-background-size:cover;background-size:cover;padding: 0px 0px 0px 0px;\"><div class=\"fusion-text fusion-text-1\" style=\"transform:translate3d(0,0,0);\"><h1><span style=\"color: #0000ff;\"><strong>Tailles et quotas de capture<\/strong> <\/span><\/h1>\n<hr \/>\n<h3><em>Tailles de capture<\/em><\/h3>\n<ul>\n<li>Brochet 60cm (50cm en eaux vives)<\/li>\n<li>Aspe 50cm (en eaux calmes)<\/li>\n<li>Sandre 50cm (en eaux calmes)<\/li>\n<li>Barbeau fluviatile 50cm<\/li>\n<li>Chevaine 30cm<\/li>\n<li>ide m\u00e9lanote 30cm<\/li>\n<li>hotu 30cm<\/li>\n<li>ombre 30cm<\/li>\n<li>tanche 30cm<\/li>\n<li>vandoise 30cm<\/li>\n<li>Truite fario 24 cm<\/li>\n<li>perche fluviatile 24 cm<\/li>\n<li>Gardon 15cm si captur\u00e9s dans la Meuse<\/li>\n<li>Rotengle 15cm si captur\u00e9s dans la Meuse<\/li>\n<\/ul>\n<h3><em>Quotas de capture par jour<\/em><\/h3>\n<ul>\n<li>Ablette commune 30<\/li>\n<li>Ablette spirlin 30<\/li>\n<li>Goujon 30<\/li>\n<li>Vairon 30<\/li>\n<li>Gardon et rotengle 30 pour les deux<\/li>\n<li>Esp\u00e8ces du groupe 3 : 5 pour l&rsquo;ensemble du groupe<\/li>\n<li>Perche fluviatile 5<\/li>\n<li>Sandre 2 en eaux calmes<\/li>\n<li>Ombre 2<\/li>\n<li>Carpe commune 2 de plus de 30 cm<\/li>\n<li>Brochet 1 en eaux calmes ou eaux mixtes<\/li>\n<\/ul>\n<h3><em>Dispositions sp\u00e9ciales :<\/em><\/h3>\n<p>1\u00b0 dans la Meuse, la Sambre et l&rsquo;Escaut, le pr\u00e9l\u00e8vement de tout poisson peut \u00eatre effectu\u00e9 uniquement s&rsquo;il a \u00e9t\u00e9 p\u00each\u00e9 dans le lit principal du cours d&rsquo;eau;<\/p>\n<p>2\u00b0 dans la Meuse en aval du barrage de Lixhe, le pr\u00e9l\u00e8vement de tout poisson est interdit;<\/p>\n<p>3\u00b0 dans le lac de la Plate Taille, le pr\u00e9l\u00e8vement de la truite fario est interdit jusqu&rsquo;au 1<sup>er<\/sup> janvier 2021, quelle que soit sa longueur;<\/p>\n<p>4\u00b0 le pr\u00e9l\u00e8vement des cor\u00e9gones est interdit;<\/p>\n<p><strong>5\u00b0 le pr\u00e9l\u00e8vement d&rsquo;une truite fario d&rsquo;une longueur de plus de cinquante centim\u00e8tres est interdit dans la zone d&rsquo;eaux calmes et dans la zone d&rsquo;eaux mixtes, sauf dans les lacs et \u00e9tangs;<\/strong><\/p>\n<p>6\u00b0, la longueur du poisson se mesure de l&rsquo;extr\u00e9mit\u00e9 de la bouche \u00e0 l&rsquo;extr\u00e9mit\u00e9 de la nageoire caudale. Tout poisson dont la t\u00eate ou la queue ont \u00e9t\u00e9 sectionn\u00e9es, est r\u00e9put\u00e9 ne pas atteindre la longueur minimale de capture pour pouvoir \u00eatre pr\u00e9lev\u00e9.<\/p>\n<p><strong>Tout poisson captur\u00e9 alors qu&rsquo;une interdiction de pr\u00e9l\u00e8vement s&rsquo;applique ou qui est captur\u00e9 en surnombre est remis imm\u00e9diatement et librement \u00e0 l&rsquo;eau sur le lieu m\u00eame de sa capture.<\/strong><\/p>\n<\/div><div class=\"fusion-clearfix\"><\/div><\/div><\/div><\/div><\/div>\n","protected":false},"excerpt":{"rendered":"","protected":false},"author":1,"featured_media":0,"parent":229,"menu_order":7,"comment_status":"closed","ping_status":"closed","template":"side-navigation.php","meta":{"_monsterinsights_skip_tracking":false,"_monsterinsights_sitenote_active":false,"_monsterinsights_sitenote_note":"","_monsterinsights_sitenote_category":0},"yoast_head":"<!-- This site is optimized with the Yoast SEO plugin v17.9 - https:\/\/yoast.com\/wordpress\/plugins\/seo\/ -->\n<title>Tailles et quotas de captures - F\u00e9d\u00e9ration Halieutique et Piscicole du Sous Bassin Semois-Chiers<\/title>\n<meta name=\"robots\" content=\"index, follow, max-snippet:-1, max-image-preview:large, max-video-preview:-1\" \/>\n<link rel=\"canonical\" href=\"https:\/\/fhpsbsc.be\/index.php\/liens-externes\/tailles-et-quotas-de-captures\/\" \/>\n<meta property=\"og:locale\" content=\"fr_FR\" \/>\n<meta property=\"og:type\" content=\"article\" \/>\n<meta property=\"og:title\" content=\"Tailles et quotas de captures - F\u00e9d\u00e9ration Halieutique et Piscicole du Sous Bassin Semois-Chiers\" \/>\n<meta property=\"og:url\" content=\"https:\/\/fhpsbsc.be\/index.php\/liens-externes\/tailles-et-quotas-de-captures\/\" \/>\n<meta property=\"og:site_name\" content=\"F\u00e9d\u00e9ration Halieutique et Piscicole du Sous Bassin Semois-Chiers\" \/>\n<meta property=\"article:modified_time\" content=\"2017-01-08T01:49:06+00:00\" \/>\n<meta name=\"twitter:card\" content=\"summary_large_image\" \/>\n<meta name=\"twitter:label1\" content=\"Dur\u00e9e de lecture estim\u00e9e\" \/>\n\t<meta name=\"twitter:data1\" content=\"2 minutes\" \/>\n<script type=\"application\/ld+json\" class=\"yoast-schema-graph\">{\"@context\":\"https:\/\/schema.org\",\"@graph\":[{\"@type\":\"WebSite\",\"@id\":\"https:\/\/fhpsbsc.be\/#website\",\"url\":\"https:\/\/fhpsbsc.be\/\",\"name\":\"F\\u00e9d\\u00e9ration Halieutique et Piscicole du Sous Bassin Semois-Chiers\",\"description\":\"\",\"potentialAction\":[{\"@type\":\"SearchAction\",\"target\":{\"@type\":\"EntryPoint\",\"urlTemplate\":\"https:\/\/fhpsbsc.be\/?s={search_term_string}\"},\"query-input\":\"required name=search_term_string\"}],\"inLanguage\":\"fr-FR\"},{\"@type\":\"WebPage\",\"@id\":\"https:\/\/fhpsbsc.be\/index.php\/liens-externes\/tailles-et-quotas-de-captures\/#webpage\",\"url\":\"https:\/\/fhpsbsc.be\/index.php\/liens-externes\/tailles-et-quotas-de-captures\/\",\"name\":\"Tailles et quotas de captures - F\\u00e9d\\u00e9ration Halieutique et Piscicole du Sous Bassin Semois-Chiers\",\"isPartOf\":{\"@id\":\"https:\/\/fhpsbsc.be\/#website\"},\"datePublished\":\"2017-01-07T22:38:48+00:00\",\"dateModified\":\"2017-01-08T01:49:06+00:00\",\"breadcrumb\":{\"@id\":\"https:\/\/fhpsbsc.be\/index.php\/liens-externes\/tailles-et-quotas-de-captures\/#breadcrumb\"},\"inLanguage\":\"fr-FR\",\"potentialAction\":[{\"@type\":\"ReadAction\",\"target\":[\"https:\/\/fhpsbsc.be\/index.php\/liens-externes\/tailles-et-quotas-de-captures\/\"]}]},{\"@type\":\"BreadcrumbList\",\"@id\":\"https:\/\/fhpsbsc.be\/index.php\/liens-externes\/tailles-et-quotas-de-captures\/#breadcrumb\",\"itemListElement\":[{\"@type\":\"ListItem\",\"position\":1,\"name\":\"Accueil\",\"item\":\"https:\/\/fhpsbsc.be\/\"},{\"@type\":\"ListItem\",\"position\":2,\"name\":\"R\\u00e9forme de la p\\u00eache\",\"item\":\"https:\/\/fhpsbsc.be\/index.php\/liens-externes\/\"},{\"@type\":\"ListItem\",\"position\":3,\"name\":\"Tailles et quotas de captures\"}]}]}<\/script>\n<!-- \/ Yoast SEO plugin. -->","yoast_head_json":{"title":"Tailles et quotas de captures - F\u00e9d\u00e9ration Halieutique et Piscicole du Sous Bassin Semois-Chiers","robots":{"index":"index","follow":"follow","max-snippet":"max-snippet:-1","max-image-preview":"max-image-preview:large","max-video-preview":"max-video-preview:-1"},"canonical":"https:\/\/fhpsbsc.be\/index.php\/liens-externes\/tailles-et-quotas-de-captures\/","og_locale":"fr_FR","og_type":"article","og_title":"Tailles et quotas de captures - F\u00e9d\u00e9ration Halieutique et Piscicole du Sous Bassin Semois-Chiers","og_url":"https:\/\/fhpsbsc.be\/index.php\/liens-externes\/tailles-et-quotas-de-captures\/","og_site_name":"F\u00e9d\u00e9ration Halieutique et Piscicole du Sous Bassin Semois-Chiers","article_modified_time":"2017-01-08T01:49:06+00:00","twitter_card":"summary_large_image","twitter_misc":{"Dur\u00e9e de lecture estim\u00e9e":"2 minutes"},"schema":{"@context":"https:\/\/schema.org","@graph":[{"@type":"WebSite","@id":"https:\/\/fhpsbsc.be\/#website","url":"https:\/\/fhpsbsc.be\/","name":"F\u00e9d\u00e9ration Halieutique et Piscicole du Sous Bassin Semois-Chiers","description":"","potentialAction":[{"@type":"SearchAction","target":{"@type":"EntryPoint","urlTemplate":"https:\/\/fhpsbsc.be\/?s={search_term_string}"},"query-input":"required name=search_term_string"}],"inLanguage":"fr-FR"},{"@type":"WebPage","@id":"https:\/\/fhpsbsc.be\/index.php\/liens-externes\/tailles-et-quotas-de-captures\/#webpage","url":"https:\/\/fhpsbsc.be\/index.php\/liens-externes\/tailles-et-quotas-de-captures\/","name":"Tailles et quotas de captures - F\u00e9d\u00e9ration Halieutique et Piscicole du Sous Bassin Semois-Chiers","isPartOf":{"@id":"https:\/\/fhpsbsc.be\/#website"},"datePublished":"2017-01-07T22:38:48+00:00","dateModified":"2017-01-08T01:49:06+00:00","breadcrumb":{"@id":"https:\/\/fhpsbsc.be\/index.php\/liens-externes\/tailles-et-quotas-de-captures\/#breadcrumb"},"inLanguage":"fr-FR","potentialAction":[{"@type":"ReadAction","target":["https:\/\/fhpsbsc.be\/index.php\/liens-externes\/tailles-et-quotas-de-captures\/"]}]},{"@type":"BreadcrumbList","@id":"https:\/\/fhpsbsc.be\/index.php\/liens-externes\/tailles-et-quotas-de-captures\/#breadcrumb","itemListElement":[{"@type":"ListItem","position":1,"name":"Accueil","item":"https:\/\/fhpsbsc.be\/"},{"@type":"ListItem","position":2,"name":"R\u00e9forme de la p\u00eache","item":"https:\/\/fhpsbsc.be\/index.php\/liens-externes\/"},{"@type":"ListItem","position":3,"name":"Tailles et quotas de captures"}]}]}},"_links":{"self":[{"href":"https:\/\/fhpsbsc.be\/index.php\/wp-json\/wp\/v2\/pages\/573"}],"collection":[{"href":"https:\/\/fhpsbsc.be\/index.php\/wp-json\/wp\/v2\/pages"}],"about":[{"href":"https:\/\/fhpsbsc.be\/index.php\/wp-json\/wp\/v2\/types\/page"}],"author":[{"embeddable":true,"href":"https:\/\/fhpsbsc.be\/index.php\/wp-json\/wp\/v2\/users\/1"}],"replies":[{"embeddable":true,"href":"https:\/\/fhpsbsc.be\/index.php\/wp-json\/wp\/v2\/comments?post=573"}],"version-history":[{"count":2,"href":"https:\/\/fhpsbsc.be\/index.php\/wp-json\/wp\/v2\/pages\/573\/revisions"}],"predecessor-version":[{"id":628,"href":"https:\/\/fhpsbsc.be\/index.php\/wp-json\/wp\/v2\/pages\/573\/revisions\/628"}],"up":[{"embeddable":true,"href":"https:\/\/fhpsbsc.be\/index.php\/wp-json\/wp\/v2\/pages\/229"}],"wp:attachment":[{"href":"https:\/\/fhpsbsc.be\/index.php\/wp-json\/wp\/v2\/media?parent=573"}],"curies":[{"name":"wp","href":"https:\/\/api.w.org\/{rel}","templated":true}]}}