{"id":557,"date":"2017-01-07T22:50:08","date_gmt":"2017-01-07T21:50:08","guid":{"rendered":"http:\/\/fhpsbsc.be\/?page_id=557"},"modified":"2017-01-08T02:50:16","modified_gmt":"2017-01-08T01:50:16","slug":"557-2","status":"publish","type":"page","link":"https:\/\/fhpsbsc.be\/index.php\/liens-externes\/557-2\/","title":{"rendered":"Techniques autoris\u00e9es et techniques interdites"},"content":{"rendered":"<p><div class=\"fusion-fullwidth fullwidth-box fusion-builder-row-1 nonhundred-percent-fullwidth non-hundred-percent-height-scrolling\" style=\"background-color: rgba(255,255,255,0);background-position: center center;background-repeat: no-repeat;padding-top:20px;padding-right:0px;padding-bottom:0px;padding-left:0px;margin-bottom: 0px;margin-top: 0px;border-width: 0px 0px 0px 0px;border-color:#eae9e9;border-style:solid;\" ><div class=\"fusion-builder-row fusion-row\"><div class=\"fusion-layout-column fusion_builder_column fusion-builder-column-0 fusion_builder_column_1_2 1_2 fusion-one-half fusion-column-first\" style=\"width:50%;width:calc(50% - ( ( 4% ) * 0.5 ) );margin-right: 4%;margin-top:0px;margin-bottom:0px;\"><div class=\"fusion-column-wrapper fusion-flex-column-wrapper-legacy\" style=\"background-position:left top;background-repeat:no-repeat;-webkit-background-size:cover;-moz-background-size:cover;-o-background-size:cover;background-size:cover;padding: 0px 0px 0px 0px;\"><div class=\"fusion-text fusion-text-1\" style=\"transform:translate3d(0,0,0);\"><h1><strong><span style=\"color: #0000ff;\">P\u00eache de jour<\/span><\/strong><\/h1>\n<h2><strong><span style=\"color: #000000;\">Modes de p\u00eache autoris\u00e9s<\/span><br \/>\n<\/strong><\/h2>\n<p>1\u00b0 la ligne \u00e0 main.<\/p>\n<p>2\u00b0 la balance \u00e0 \u00e9crevisses.<\/p>\n<p>L&#8217;emploi de l&rsquo;\u00e9puisette est permis uniquement pour enlever le poisson ou l&rsquo;\u00e9crevisse pris \u00e0 la ligne. Les dimensions de l&rsquo;\u00e9puisette sont libres.<\/p>\n<p>Sans pr\u00e9judice de la p\u00eache de nuit de la carpe commune, les engins de p\u00eache ne peuvent \u00eatre ni plac\u00e9s, ni relev\u00e9s, ni man\u0153uvr\u00e9s, ni laiss\u00e9s dans l&rsquo;eau en dehors des heures o\u00f9 la p\u00eache de jour est autoris\u00e9e.<\/p>\n<ul>\n<li>Seules deux lignes \u00e0 main peuvent \u00eatre utilis\u00e9es simultan\u00e9ment par un p\u00eacheur. Les dimensions de la ligne \u00e0 main sont libres. Une gaule \u00e0 laquelle est suspendue une balance \u00e0 \u00e9crevisses n&rsquo;est pas consid\u00e9r\u00e9e comme une ligne \u00e0 main.<\/li>\n<\/ul>\n<p>L&rsquo;usage de la ligne \u00e0 main est permis uniquement si le p\u00eacheur se trouve \u00e0 proximit\u00e9 directe de celle-ci et est en mesure de la surveiller constamment.<\/p>\n<p>Une m\u00eame ligne \u00e0 main ne peut pas \u00eatre munie d&rsquo;un nombre d&rsquo;hame\u00e7ons simples ou multiples sup\u00e9rieur \u00e0 trois.<\/p>\n<p><strong><em>Dans la zone d&rsquo;eaux vives, seule l&rsquo;utilisation d&rsquo;hame\u00e7ons sans ardillon ou avec ardillons \u00e9cras\u00e9s ou pinc\u00e9s est autoris\u00e9e.<\/em><\/strong><\/p>\n<p>Il est interdit d&rsquo;harponner le poisson avec une ligne \u00e0 main munie d&rsquo;un ou plusieurs hame\u00e7ons dans le but d&rsquo;accrocher le poisson par l&rsquo;une ou l&rsquo;autre partie du corps. Tout poisson pris \u00e0 la ligne \u00e0 main qui ne serait pas accroch\u00e9 par la bouche doit \u00eatre remis imm\u00e9diatement et librement \u00e0 l&rsquo;eau sur le lieu m\u00eame de sa capture.<\/p>\n<p>Dans le cas de la p\u00eache au vif, la ligne peut \u00eatre mise en place uniquement au moyen d&rsquo;une gaule.<\/p>\n<p>Seules cinq balances \u00e0 \u00e9crevisses peuvent \u00eatre utilis\u00e9es simultan\u00e9ment par un p\u00eacheur. La plus grande dimension de la balance \u00e0 \u00e9crevisses ne peut pas exc\u00e9der soixante centim\u00e8tres.<\/p>\n<\/div><div class=\"fusion-clearfix\"><\/div><\/div><\/div><div class=\"fusion-layout-column fusion_builder_column fusion-builder-column-1 fusion_builder_column_1_2 1_2 fusion-one-half fusion-column-last\" style=\"width:50%;width:calc(50% - ( ( 4% ) * 0.5 ) );margin-top:0px;margin-bottom:0px;\"><div class=\"fusion-column-wrapper fusion-flex-column-wrapper-legacy\" style=\"background-position:left top;background-repeat:no-repeat;-webkit-background-size:cover;-moz-background-size:cover;-o-background-size:cover;background-size:cover;padding: 0px 0px 0px 0px;\"><div class=\"fusion-text fusion-text-2\" style=\"transform:translate3d(0,0,0);\"><h1>&#8211;<\/h1>\n<h2><span style=\"color: #000000;\"><strong>Modes de p\u00eache interdit :<\/strong><\/span><\/h2>\n<ul>\n<li>Les modes de p\u00eache suivants sont interdits :<\/li>\n<\/ul>\n<p>1\u00b0 la p\u00eache sous la glace;<\/p>\n<p>2\u00b0 la p\u00eache \u00e0 la main ou toute autre technique de fouille sous les racines et autres retraites fr\u00e9quent\u00e9es par les poissons ou les \u00e9crevisses;<\/p>\n<p>3\u00b0 la p\u00eache au poisson d&rsquo;\u00e9tain ou de plomb ou avec tout leurre imitant celui-ci, quel que puisse \u00eatre l&rsquo;animal imit\u00e9.<\/p>\n<p>Concernant le 2\u00b0, pour la p\u00eache \u00e0 la ligne \u00e0 main, le pilonnage, effectu\u00e9 par le p\u00eacheur lui-m\u00eame est autoris\u00e9 du 1<sup>er<\/sup> samedi de juin au 30 septembre.<\/p>\n<ul>\n<li>Il est interdit d&rsquo;utiliser comme app\u00e2t ou comme amorce :<\/li>\n<\/ul>\n<p>1\u00b0 du sang, de la moelle, de la cervelle ou des abats d&rsquo;animaux;<\/p>\n<p>2\u00b0 des \u0153ufs de poissons, qu&rsquo;ils soient frais ou de conserve, seuls ou en m\u00e9lange dans des app\u00e2ts ou des amorces;<\/p>\n<p>3\u00b0 des poissons vivants.<\/p>\n<p>Concernant le 1\u00b0, les abats d&rsquo;animaux sont autoris\u00e9s comme app\u00e2ts dans la balance pour la p\u00eache \u00e0 l&rsquo;\u00e9crevisse.<\/p>\n<p>Concernant le 3\u00b0, la p\u00eache au vif est autoris\u00e9e au moyen des esp\u00e8ces du groupe 1, ainsi qu&rsquo;au moyen de l&rsquo;ablette spirlin, du chevaine, du goujon, de la gr\u00e9mille, de la perche fluviale et du vairon, sauf pour les vari\u00e9t\u00e9s color\u00e9es de ces esp\u00e8ces quand elles existent.<\/p>\n<p><em><strong>Lorsque dans un cours d&rsquo;eau, une partie de cours d&rsquo;eau ou une pi\u00e8ce d&rsquo;eau la p\u00eache du brochet est ferm\u00e9e, le p\u00eacheur ne peut pas faire usage :<\/strong><\/em><\/p>\n<p><em><strong>1\u00b0 de poissons comme app\u00e2ts, que ces poissons soient vivants ou morts, entiers ou en morceaux, actionn\u00e9s ou non, et ce quelle que soit l&rsquo;esp\u00e8ce \u00e0 laquelle ils appartiennent;<\/strong><\/em><\/p>\n<p><em><strong>2\u00b0 d&rsquo;app\u00e2ts artificiels, \u00e0 l&rsquo;exception des app\u00e2ts artificiels ni tournants ni vibrants ni ondulants, munis d&rsquo;un hame\u00e7on simple dont la plus grande dimension ne d\u00e9passe pas deux centim\u00e8tres.<\/strong><\/em><\/p>\n<ul>\n<li>A la demande de tout agent vis\u00e9 \u00e0 l&rsquo;article 35, \u00a7 2, du d\u00e9cret du 27 mars 2014, le p\u00eacheur rel\u00e8ve ses engins de p\u00eache et montre le contenu de ses bourriches, paniers ou tout autre contenant, \u00e0 des fins de contr\u00f4le.<\/li>\n<\/ul>\n<\/div><div class=\"fusion-clearfix\"><\/div><\/div><\/div><\/div><\/div><div class=\"fusion-fullwidth fullwidth-box fusion-builder-row-2 nonhundred-percent-fullwidth non-hundred-percent-height-scrolling\" style=\"background-color: rgba(255,255,255,0);background-position: center center;background-repeat: no-repeat;padding-top:20px;padding-right:0px;padding-bottom:20px;padding-left:0px;margin-bottom: 0px;margin-top: 0px;border-width: 0px 0px 0px 0px;border-color:#eae9e9;border-style:solid;\" ><div class=\"fusion-builder-row fusion-row\"><div class=\"fusion-layout-column fusion_builder_column fusion-builder-column-2 fusion_builder_column_1_1 1_1 fusion-one-full fusion-column-first fusion-column-last\" style=\"margin-top:0px;margin-bottom:0px;\"><div class=\"fusion-column-wrapper fusion-flex-column-wrapper-legacy\" style=\"background-position:left top;background-repeat:no-repeat;-webkit-background-size:cover;-moz-background-size:cover;-o-background-size:cover;background-size:cover;padding: 0px 0px 0px 0px;\"><div class=\"fusion-text fusion-text-3\" style=\"transform:translate3d(0,0,0);\"><h1><span style=\"color: #0000ff;\"><strong>P\u00eache de nuit<\/strong><\/span><\/h1>\n<p>Outre le respect des conditions applicables \u00e0 la p\u00eache de jour, la p\u00eache de nuit de la carpe commune ne peut s&rsquo;exercer que dans le respect des conditions suppl\u00e9mentaires suivantes :<\/p>\n<p>1\u00b0 la p\u00eache se pratique au moyen de cannes au lancer;<\/p>\n<p>2\u00b0 seules des esches v\u00e9g\u00e9tales ou des farines recompos\u00e9es peuvent \u00eatre utilis\u00e9es comme app\u00e2t ou comme amorce;<\/p>\n<p>3\u00b0 tout poisson captur\u00e9 est remis imm\u00e9diatement et librement \u00e0 l&rsquo;eau sur le lieu m\u00eame de sa capture, m\u00eame s&rsquo;il s&rsquo;agit d&rsquo;une carpe;<\/p>\n<p>4\u00b0 le p\u00eacheur ne peut pas \u00eatre en possession de poissons captur\u00e9s durant la p\u00e9riode de p\u00eache de jour;<\/p>\n<p>5\u00b0 l&rsquo;utilisation d&rsquo;un d\u00e9tecteur de touche sonore est interdit \u00e0 moins de cinquante m\u00e8tres de toute habitation;<\/p>\n<p>Concernant le 1\u00b0 et 2\u00b0, les lignes et amorces sont lanc\u00e9es du bord de l&rsquo;eau ou d\u00e9pos\u00e9es uniquement au moyen d&rsquo;une embarcation t\u00e9l\u00e9guid\u00e9e.<\/p>\n<p>Concernant le 5\u00b0, en dehors du p\u00e9rim\u00e8tre mentionn\u00e9, le d\u00e9tecteur de touche sonore ne peut pas \u00eatre audible \u00e0 plus de dix m\u00e8tres.<\/p>\n<\/div><div class=\"fusion-clearfix\"><\/div><\/div><\/div><\/div><\/div><\/p>\n","protected":false},"excerpt":{"rendered":"","protected":false},"author":1,"featured_media":0,"parent":229,"menu_order":5,"comment_status":"closed","ping_status":"closed","template":"side-navigation.php","meta":{"_monsterinsights_skip_tracking":false,"_monsterinsights_sitenote_active":false,"_monsterinsights_sitenote_note":"","_monsterinsights_sitenote_category":0},"yoast_head":"<!-- This site is optimized with the Yoast SEO plugin v17.9 - https:\/\/yoast.com\/wordpress\/plugins\/seo\/ -->\n<title>Techniques autoris\u00e9es et techniques interdites - F\u00e9d\u00e9ration Halieutique et Piscicole du Sous Bassin Semois-Chiers<\/title>\n<meta name=\"robots\" content=\"index, follow, max-snippet:-1, max-image-preview:large, max-video-preview:-1\" \/>\n<link rel=\"canonical\" href=\"https:\/\/fhpsbsc.be\/index.php\/liens-externes\/557-2\/\" \/>\n<meta property=\"og:locale\" content=\"fr_FR\" \/>\n<meta property=\"og:type\" content=\"article\" \/>\n<meta property=\"og:title\" content=\"Techniques autoris\u00e9es et techniques interdites - F\u00e9d\u00e9ration Halieutique et Piscicole du Sous Bassin Semois-Chiers\" \/>\n<meta property=\"og:url\" content=\"https:\/\/fhpsbsc.be\/index.php\/liens-externes\/557-2\/\" \/>\n<meta property=\"og:site_name\" content=\"F\u00e9d\u00e9ration Halieutique et Piscicole du Sous Bassin Semois-Chiers\" \/>\n<meta property=\"article:modified_time\" content=\"2017-01-08T01:50:16+00:00\" \/>\n<meta name=\"twitter:card\" content=\"summary_large_image\" \/>\n<meta name=\"twitter:label1\" content=\"Dur\u00e9e de lecture estim\u00e9e\" \/>\n\t<meta name=\"twitter:data1\" content=\"6 minutes\" \/>\n<script type=\"application\/ld+json\" class=\"yoast-schema-graph\">{\"@context\":\"https:\/\/schema.org\",\"@graph\":[{\"@type\":\"WebSite\",\"@id\":\"https:\/\/fhpsbsc.be\/#website\",\"url\":\"https:\/\/fhpsbsc.be\/\",\"name\":\"F\\u00e9d\\u00e9ration Halieutique et Piscicole du Sous Bassin Semois-Chiers\",\"description\":\"\",\"potentialAction\":[{\"@type\":\"SearchAction\",\"target\":{\"@type\":\"EntryPoint\",\"urlTemplate\":\"https:\/\/fhpsbsc.be\/?s={search_term_string}\"},\"query-input\":\"required name=search_term_string\"}],\"inLanguage\":\"fr-FR\"},{\"@type\":\"WebPage\",\"@id\":\"https:\/\/fhpsbsc.be\/index.php\/liens-externes\/557-2\/#webpage\",\"url\":\"https:\/\/fhpsbsc.be\/index.php\/liens-externes\/557-2\/\",\"name\":\"Techniques autoris\\u00e9es et techniques interdites - F\\u00e9d\\u00e9ration Halieutique et Piscicole du Sous Bassin Semois-Chiers\",\"isPartOf\":{\"@id\":\"https:\/\/fhpsbsc.be\/#website\"},\"datePublished\":\"2017-01-07T21:50:08+00:00\",\"dateModified\":\"2017-01-08T01:50:16+00:00\",\"breadcrumb\":{\"@id\":\"https:\/\/fhpsbsc.be\/index.php\/liens-externes\/557-2\/#breadcrumb\"},\"inLanguage\":\"fr-FR\",\"potentialAction\":[{\"@type\":\"ReadAction\",\"target\":[\"https:\/\/fhpsbsc.be\/index.php\/liens-externes\/557-2\/\"]}]},{\"@type\":\"BreadcrumbList\",\"@id\":\"https:\/\/fhpsbsc.be\/index.php\/liens-externes\/557-2\/#breadcrumb\",\"itemListElement\":[{\"@type\":\"ListItem\",\"position\":1,\"name\":\"Accueil\",\"item\":\"https:\/\/fhpsbsc.be\/\"},{\"@type\":\"ListItem\",\"position\":2,\"name\":\"R\\u00e9forme de la p\\u00eache\",\"item\":\"https:\/\/fhpsbsc.be\/index.php\/liens-externes\/\"},{\"@type\":\"ListItem\",\"position\":3,\"name\":\"Techniques autoris\\u00e9es et techniques interdites\"}]}]}<\/script>\n<!-- \/ Yoast SEO plugin. -->","yoast_head_json":{"title":"Techniques autoris\u00e9es et techniques interdites - F\u00e9d\u00e9ration Halieutique et Piscicole du Sous Bassin Semois-Chiers","robots":{"index":"index","follow":"follow","max-snippet":"max-snippet:-1","max-image-preview":"max-image-preview:large","max-video-preview":"max-video-preview:-1"},"canonical":"https:\/\/fhpsbsc.be\/index.php\/liens-externes\/557-2\/","og_locale":"fr_FR","og_type":"article","og_title":"Techniques autoris\u00e9es et techniques interdites - F\u00e9d\u00e9ration Halieutique et Piscicole du Sous Bassin Semois-Chiers","og_url":"https:\/\/fhpsbsc.be\/index.php\/liens-externes\/557-2\/","og_site_name":"F\u00e9d\u00e9ration Halieutique et Piscicole du Sous Bassin Semois-Chiers","article_modified_time":"2017-01-08T01:50:16+00:00","twitter_card":"summary_large_image","twitter_misc":{"Dur\u00e9e de lecture estim\u00e9e":"6 minutes"},"schema":{"@context":"https:\/\/schema.org","@graph":[{"@type":"WebSite","@id":"https:\/\/fhpsbsc.be\/#website","url":"https:\/\/fhpsbsc.be\/","name":"F\u00e9d\u00e9ration Halieutique et Piscicole du Sous Bassin Semois-Chiers","description":"","potentialAction":[{"@type":"SearchAction","target":{"@type":"EntryPoint","urlTemplate":"https:\/\/fhpsbsc.be\/?s={search_term_string}"},"query-input":"required name=search_term_string"}],"inLanguage":"fr-FR"},{"@type":"WebPage","@id":"https:\/\/fhpsbsc.be\/index.php\/liens-externes\/557-2\/#webpage","url":"https:\/\/fhpsbsc.be\/index.php\/liens-externes\/557-2\/","name":"Techniques autoris\u00e9es et techniques interdites - F\u00e9d\u00e9ration Halieutique et Piscicole du Sous Bassin Semois-Chiers","isPartOf":{"@id":"https:\/\/fhpsbsc.be\/#website"},"datePublished":"2017-01-07T21:50:08+00:00","dateModified":"2017-01-08T01:50:16+00:00","breadcrumb":{"@id":"https:\/\/fhpsbsc.be\/index.php\/liens-externes\/557-2\/#breadcrumb"},"inLanguage":"fr-FR","potentialAction":[{"@type":"ReadAction","target":["https:\/\/fhpsbsc.be\/index.php\/liens-externes\/557-2\/"]}]},{"@type":"BreadcrumbList","@id":"https:\/\/fhpsbsc.be\/index.php\/liens-externes\/557-2\/#breadcrumb","itemListElement":[{"@type":"ListItem","position":1,"name":"Accueil","item":"https:\/\/fhpsbsc.be\/"},{"@type":"ListItem","position":2,"name":"R\u00e9forme de la p\u00eache","item":"https:\/\/fhpsbsc.be\/index.php\/liens-externes\/"},{"@type":"ListItem","position":3,"name":"Techniques autoris\u00e9es et techniques interdites"}]}]}},"_links":{"self":[{"href":"https:\/\/fhpsbsc.be\/index.php\/wp-json\/wp\/v2\/pages\/557"}],"collection":[{"href":"https:\/\/fhpsbsc.be\/index.php\/wp-json\/wp\/v2\/pages"}],"about":[{"href":"https:\/\/fhpsbsc.be\/index.php\/wp-json\/wp\/v2\/types\/page"}],"author":[{"embeddable":true,"href":"https:\/\/fhpsbsc.be\/index.php\/wp-json\/wp\/v2\/users\/1"}],"replies":[{"embeddable":true,"href":"https:\/\/fhpsbsc.be\/index.php\/wp-json\/wp\/v2\/comments?post=557"}],"version-history":[{"count":14,"href":"https:\/\/fhpsbsc.be\/index.php\/wp-json\/wp\/v2\/pages\/557\/revisions"}],"predecessor-version":[{"id":572,"href":"https:\/\/fhpsbsc.be\/index.php\/wp-json\/wp\/v2\/pages\/557\/revisions\/572"}],"up":[{"embeddable":true,"href":"https:\/\/fhpsbsc.be\/index.php\/wp-json\/wp\/v2\/pages\/229"}],"wp:attachment":[{"href":"https:\/\/fhpsbsc.be\/index.php\/wp-json\/wp\/v2\/media?parent=557"}],"curies":[{"name":"wp","href":"https:\/\/api.w.org\/{rel}","templated":true}]}}