{"id":531,"date":"2017-01-07T18:59:21","date_gmt":"2017-01-07T17:59:21","guid":{"rendered":"http:\/\/fhpsbsc.be\/?page_id=531"},"modified":"2017-01-08T02:52:04","modified_gmt":"2017-01-08T01:52:04","slug":"especes-interdites-toute-lannee","status":"publish","type":"page","link":"https:\/\/fhpsbsc.be\/index.php\/liens-externes\/especes-interdites-toute-lannee\/","title":{"rendered":"Esp\u00e8ces interdites toute l&rsquo;ann\u00e9e"},"content":{"rendered":"<div class=\"fusion-fullwidth fullwidth-box fusion-builder-row-1 nonhundred-percent-fullwidth non-hundred-percent-height-scrolling\" style=\"background-color: rgba(255,255,255,0);background-position: center center;background-repeat: no-repeat;padding-top:20px;padding-right:0px;padding-bottom:20px;padding-left:0px;margin-bottom: 0px;margin-top: 0px;border-width: 0px 0px 0px 0px;border-color:#eae9e9;border-style:solid;\" ><div class=\"fusion-builder-row fusion-row\"><div class=\"fusion-layout-column fusion_builder_column fusion-builder-column-0 fusion_builder_column_1_1 1_1 fusion-one-full fusion-column-first fusion-column-last\" style=\"margin-top:0px;margin-bottom:0px;\"><div class=\"fusion-column-wrapper fusion-flex-column-wrapper-legacy\" style=\"background-position:left top;background-repeat:no-repeat;-webkit-background-size:cover;-moz-background-size:cover;-o-background-size:cover;background-size:cover;padding: 0px 0px 0px 0px;\"><div class=\"fusion-text fusion-text-1\" style=\"transform:translate3d(0,0,0);\"><h1><span style=\"color: #0000ff;\"><strong>La p\u00eache des esp\u00e8ces de poissons et d\u2019\u00e9crevisses list\u00e9es \u00e0 l\u2019annexe 1 est interdite toute l\u2019ann\u00e9e, de jour comme de nuit.<\/strong><\/span><\/h1>\n<hr \/>\n<p>&nbsp;<\/p>\n<\/div><div class=\"fusion-text fusion-text-2\" style=\"transform:translate3d(0,0,0);\"><ul>\n<li>Alose feinte<\/li>\n<li>Anguille<\/li>\n<li>Bondelle ou Cor\u00e9gone oxyrhynque<\/li>\n<li>Bouvi\u00e8re<\/li>\n<li>Chabot<\/li>\n<li>Ecrevisse \u00e0 pied-rouge<\/li>\n<li>Epinochette<\/li>\n<li>Esturgeon europ\u00e9en<\/li>\n<li>Flet<\/li>\n<li>Grande alose<\/li>\n<li>Lamproie de Planer ou Petite lamproie<\/li>\n<li>Lamproie de rivi\u00e8re ou fluviatile<\/li>\n<li>Lamproie marine<\/li>\n<li>Loche de rivi\u00e8re<\/li>\n<li>Loche d&rsquo;\u00e9tang<\/li>\n<li>Lote de rivi\u00e8re<\/li>\n<li>Saumon atlantique<\/li>\n<li>Truite de mer<\/li>\n<\/ul>\n<p>&nbsp;<\/p>\n<\/div><div class=\"fusion-clearfix\"><\/div><\/div><\/div><\/div><\/div>\n","protected":false},"excerpt":{"rendered":"","protected":false},"author":1,"featured_media":0,"parent":229,"menu_order":1,"comment_status":"closed","ping_status":"closed","template":"side-navigation.php","meta":{"_monsterinsights_skip_tracking":false,"_monsterinsights_sitenote_active":false,"_monsterinsights_sitenote_note":"","_monsterinsights_sitenote_category":0},"yoast_head":"<!-- This site is optimized with the Yoast SEO plugin v17.9 - https:\/\/yoast.com\/wordpress\/plugins\/seo\/ -->\n<title>Esp\u00e8ces interdites toute l&#039;ann\u00e9e - F\u00e9d\u00e9ration Halieutique et Piscicole du Sous Bassin Semois-Chiers<\/title>\n<meta name=\"robots\" content=\"index, follow, max-snippet:-1, max-image-preview:large, max-video-preview:-1\" \/>\n<link rel=\"canonical\" href=\"https:\/\/fhpsbsc.be\/index.php\/liens-externes\/especes-interdites-toute-lannee\/\" \/>\n<meta property=\"og:locale\" content=\"fr_FR\" \/>\n<meta property=\"og:type\" content=\"article\" \/>\n<meta property=\"og:title\" content=\"Esp\u00e8ces interdites toute l&#039;ann\u00e9e - F\u00e9d\u00e9ration Halieutique et Piscicole du Sous Bassin Semois-Chiers\" \/>\n<meta property=\"og:url\" content=\"https:\/\/fhpsbsc.be\/index.php\/liens-externes\/especes-interdites-toute-lannee\/\" \/>\n<meta property=\"og:site_name\" content=\"F\u00e9d\u00e9ration Halieutique et Piscicole du Sous Bassin Semois-Chiers\" \/>\n<meta property=\"article:modified_time\" content=\"2017-01-08T01:52:04+00:00\" \/>\n<meta name=\"twitter:card\" content=\"summary_large_image\" \/>\n<meta name=\"twitter:label1\" content=\"Dur\u00e9e de lecture estim\u00e9e\" \/>\n\t<meta name=\"twitter:data1\" content=\"1 minute\" \/>\n<script type=\"application\/ld+json\" class=\"yoast-schema-graph\">{\"@context\":\"https:\/\/schema.org\",\"@graph\":[{\"@type\":\"WebSite\",\"@id\":\"https:\/\/fhpsbsc.be\/#website\",\"url\":\"https:\/\/fhpsbsc.be\/\",\"name\":\"F\\u00e9d\\u00e9ration Halieutique et Piscicole du Sous Bassin Semois-Chiers\",\"description\":\"\",\"potentialAction\":[{\"@type\":\"SearchAction\",\"target\":{\"@type\":\"EntryPoint\",\"urlTemplate\":\"https:\/\/fhpsbsc.be\/?s={search_term_string}\"},\"query-input\":\"required name=search_term_string\"}],\"inLanguage\":\"fr-FR\"},{\"@type\":\"WebPage\",\"@id\":\"https:\/\/fhpsbsc.be\/index.php\/liens-externes\/especes-interdites-toute-lannee\/#webpage\",\"url\":\"https:\/\/fhpsbsc.be\/index.php\/liens-externes\/especes-interdites-toute-lannee\/\",\"name\":\"Esp\\u00e8ces interdites toute l'ann\\u00e9e - F\\u00e9d\\u00e9ration Halieutique et Piscicole du Sous Bassin Semois-Chiers\",\"isPartOf\":{\"@id\":\"https:\/\/fhpsbsc.be\/#website\"},\"datePublished\":\"2017-01-07T17:59:21+00:00\",\"dateModified\":\"2017-01-08T01:52:04+00:00\",\"breadcrumb\":{\"@id\":\"https:\/\/fhpsbsc.be\/index.php\/liens-externes\/especes-interdites-toute-lannee\/#breadcrumb\"},\"inLanguage\":\"fr-FR\",\"potentialAction\":[{\"@type\":\"ReadAction\",\"target\":[\"https:\/\/fhpsbsc.be\/index.php\/liens-externes\/especes-interdites-toute-lannee\/\"]}]},{\"@type\":\"BreadcrumbList\",\"@id\":\"https:\/\/fhpsbsc.be\/index.php\/liens-externes\/especes-interdites-toute-lannee\/#breadcrumb\",\"itemListElement\":[{\"@type\":\"ListItem\",\"position\":1,\"name\":\"Accueil\",\"item\":\"https:\/\/fhpsbsc.be\/\"},{\"@type\":\"ListItem\",\"position\":2,\"name\":\"R\\u00e9forme de la p\\u00eache\",\"item\":\"https:\/\/fhpsbsc.be\/index.php\/liens-externes\/\"},{\"@type\":\"ListItem\",\"position\":3,\"name\":\"Esp\\u00e8ces interdites toute l&rsquo;ann\\u00e9e\"}]}]}<\/script>\n<!-- \/ Yoast SEO plugin. -->","yoast_head_json":{"title":"Esp\u00e8ces interdites toute l'ann\u00e9e - F\u00e9d\u00e9ration Halieutique et Piscicole du Sous Bassin Semois-Chiers","robots":{"index":"index","follow":"follow","max-snippet":"max-snippet:-1","max-image-preview":"max-image-preview:large","max-video-preview":"max-video-preview:-1"},"canonical":"https:\/\/fhpsbsc.be\/index.php\/liens-externes\/especes-interdites-toute-lannee\/","og_locale":"fr_FR","og_type":"article","og_title":"Esp\u00e8ces interdites toute l'ann\u00e9e - F\u00e9d\u00e9ration Halieutique et Piscicole du Sous Bassin Semois-Chiers","og_url":"https:\/\/fhpsbsc.be\/index.php\/liens-externes\/especes-interdites-toute-lannee\/","og_site_name":"F\u00e9d\u00e9ration Halieutique et Piscicole du Sous Bassin Semois-Chiers","article_modified_time":"2017-01-08T01:52:04+00:00","twitter_card":"summary_large_image","twitter_misc":{"Dur\u00e9e de lecture estim\u00e9e":"1 minute"},"schema":{"@context":"https:\/\/schema.org","@graph":[{"@type":"WebSite","@id":"https:\/\/fhpsbsc.be\/#website","url":"https:\/\/fhpsbsc.be\/","name":"F\u00e9d\u00e9ration Halieutique et Piscicole du Sous Bassin Semois-Chiers","description":"","potentialAction":[{"@type":"SearchAction","target":{"@type":"EntryPoint","urlTemplate":"https:\/\/fhpsbsc.be\/?s={search_term_string}"},"query-input":"required name=search_term_string"}],"inLanguage":"fr-FR"},{"@type":"WebPage","@id":"https:\/\/fhpsbsc.be\/index.php\/liens-externes\/especes-interdites-toute-lannee\/#webpage","url":"https:\/\/fhpsbsc.be\/index.php\/liens-externes\/especes-interdites-toute-lannee\/","name":"Esp\u00e8ces interdites toute l'ann\u00e9e - F\u00e9d\u00e9ration Halieutique et Piscicole du Sous Bassin Semois-Chiers","isPartOf":{"@id":"https:\/\/fhpsbsc.be\/#website"},"datePublished":"2017-01-07T17:59:21+00:00","dateModified":"2017-01-08T01:52:04+00:00","breadcrumb":{"@id":"https:\/\/fhpsbsc.be\/index.php\/liens-externes\/especes-interdites-toute-lannee\/#breadcrumb"},"inLanguage":"fr-FR","potentialAction":[{"@type":"ReadAction","target":["https:\/\/fhpsbsc.be\/index.php\/liens-externes\/especes-interdites-toute-lannee\/"]}]},{"@type":"BreadcrumbList","@id":"https:\/\/fhpsbsc.be\/index.php\/liens-externes\/especes-interdites-toute-lannee\/#breadcrumb","itemListElement":[{"@type":"ListItem","position":1,"name":"Accueil","item":"https:\/\/fhpsbsc.be\/"},{"@type":"ListItem","position":2,"name":"R\u00e9forme de la p\u00eache","item":"https:\/\/fhpsbsc.be\/index.php\/liens-externes\/"},{"@type":"ListItem","position":3,"name":"Esp\u00e8ces interdites toute l&rsquo;ann\u00e9e"}]}]}},"_links":{"self":[{"href":"https:\/\/fhpsbsc.be\/index.php\/wp-json\/wp\/v2\/pages\/531"}],"collection":[{"href":"https:\/\/fhpsbsc.be\/index.php\/wp-json\/wp\/v2\/pages"}],"about":[{"href":"https:\/\/fhpsbsc.be\/index.php\/wp-json\/wp\/v2\/types\/page"}],"author":[{"embeddable":true,"href":"https:\/\/fhpsbsc.be\/index.php\/wp-json\/wp\/v2\/users\/1"}],"replies":[{"embeddable":true,"href":"https:\/\/fhpsbsc.be\/index.php\/wp-json\/wp\/v2\/comments?post=531"}],"version-history":[{"count":5,"href":"https:\/\/fhpsbsc.be\/index.php\/wp-json\/wp\/v2\/pages\/531\/revisions"}],"predecessor-version":[{"id":536,"href":"https:\/\/fhpsbsc.be\/index.php\/wp-json\/wp\/v2\/pages\/531\/revisions\/536"}],"up":[{"embeddable":true,"href":"https:\/\/fhpsbsc.be\/index.php\/wp-json\/wp\/v2\/pages\/229"}],"wp:attachment":[{"href":"https:\/\/fhpsbsc.be\/index.php\/wp-json\/wp\/v2\/media?parent=531"}],"curies":[{"name":"wp","href":"https:\/\/api.w.org\/{rel}","templated":true}]}}