{"id":350,"date":"2016-12-30T22:19:21","date_gmt":"2016-12-30T21:19:21","guid":{"rendered":"http:\/\/fhpsbsc.be\/?page_id=350"},"modified":"2016-12-30T22:19:43","modified_gmt":"2016-12-30T21:19:43","slug":"sainte-marie-sur-semois-larete","status":"publish","type":"page","link":"https:\/\/fhpsbsc.be\/index.php\/parcours\/sainte-marie-sur-semois-larete\/","title":{"rendered":"11) Sainte-Marie-Sur-Semois : L&rsquo;Ar\u00eate"},"content":{"rendered":"","protected":false},"excerpt":{"rendered":"","protected":false},"author":1,"featured_media":0,"parent":227,"menu_order":0,"comment_status":"closed","ping_status":"closed","template":"side-navigation.php","meta":{"_monsterinsights_skip_tracking":false,"_monsterinsights_sitenote_active":false,"_monsterinsights_sitenote_note":"","_monsterinsights_sitenote_category":0},"yoast_head":"<!-- This site is optimized with the Yoast SEO plugin v17.9 - https:\/\/yoast.com\/wordpress\/plugins\/seo\/ -->\n<title>11) Sainte-Marie-Sur-Semois : L&#039;Ar\u00eate - F\u00e9d\u00e9ration Halieutique et Piscicole du Sous Bassin Semois-Chiers<\/title>\n<meta name=\"robots\" content=\"index, follow, max-snippet:-1, max-image-preview:large, max-video-preview:-1\" \/>\n<link rel=\"canonical\" href=\"https:\/\/fhpsbsc.be\/index.php\/parcours\/sainte-marie-sur-semois-larete\/\" \/>\n<meta property=\"og:locale\" content=\"fr_FR\" \/>\n<meta property=\"og:type\" content=\"article\" \/>\n<meta property=\"og:title\" content=\"11) Sainte-Marie-Sur-Semois : L&#039;Ar\u00eate - F\u00e9d\u00e9ration Halieutique et Piscicole du Sous Bassin Semois-Chiers\" \/>\n<meta property=\"og:url\" content=\"https:\/\/fhpsbsc.be\/index.php\/parcours\/sainte-marie-sur-semois-larete\/\" \/>\n<meta property=\"og:site_name\" content=\"F\u00e9d\u00e9ration Halieutique et Piscicole du Sous Bassin Semois-Chiers\" \/>\n<meta property=\"article:modified_time\" content=\"2016-12-30T21:19:43+00:00\" \/>\n<meta name=\"twitter:card\" content=\"summary_large_image\" \/>\n<script type=\"application\/ld+json\" class=\"yoast-schema-graph\">{\"@context\":\"https:\/\/schema.org\",\"@graph\":[{\"@type\":\"WebSite\",\"@id\":\"https:\/\/fhpsbsc.be\/#website\",\"url\":\"https:\/\/fhpsbsc.be\/\",\"name\":\"F\\u00e9d\\u00e9ration Halieutique et Piscicole du Sous Bassin Semois-Chiers\",\"description\":\"\",\"potentialAction\":[{\"@type\":\"SearchAction\",\"target\":{\"@type\":\"EntryPoint\",\"urlTemplate\":\"https:\/\/fhpsbsc.be\/?s={search_term_string}\"},\"query-input\":\"required name=search_term_string\"}],\"inLanguage\":\"fr-FR\"},{\"@type\":\"WebPage\",\"@id\":\"https:\/\/fhpsbsc.be\/index.php\/parcours\/sainte-marie-sur-semois-larete\/#webpage\",\"url\":\"https:\/\/fhpsbsc.be\/index.php\/parcours\/sainte-marie-sur-semois-larete\/\",\"name\":\"11) Sainte-Marie-Sur-Semois : L'Ar\\u00eate - F\\u00e9d\\u00e9ration Halieutique et Piscicole du Sous Bassin Semois-Chiers\",\"isPartOf\":{\"@id\":\"https:\/\/fhpsbsc.be\/#website\"},\"datePublished\":\"2016-12-30T21:19:21+00:00\",\"dateModified\":\"2016-12-30T21:19:43+00:00\",\"breadcrumb\":{\"@id\":\"https:\/\/fhpsbsc.be\/index.php\/parcours\/sainte-marie-sur-semois-larete\/#breadcrumb\"},\"inLanguage\":\"fr-FR\",\"potentialAction\":[{\"@type\":\"ReadAction\",\"target\":[\"https:\/\/fhpsbsc.be\/index.php\/parcours\/sainte-marie-sur-semois-larete\/\"]}]},{\"@type\":\"BreadcrumbList\",\"@id\":\"https:\/\/fhpsbsc.be\/index.php\/parcours\/sainte-marie-sur-semois-larete\/#breadcrumb\",\"itemListElement\":[{\"@type\":\"ListItem\",\"position\":1,\"name\":\"Accueil\",\"item\":\"https:\/\/fhpsbsc.be\/\"},{\"@type\":\"ListItem\",\"position\":2,\"name\":\"Carte des soci\\u00e9t\\u00e9s\",\"item\":\"https:\/\/fhpsbsc.be\/index.php\/parcours\/\"},{\"@type\":\"ListItem\",\"position\":3,\"name\":\"11) Sainte-Marie-Sur-Semois : L&rsquo;Ar\\u00eate\"}]}]}<\/script>\n<!-- \/ Yoast SEO plugin. -->","yoast_head_json":{"title":"11) Sainte-Marie-Sur-Semois : L'Ar\u00eate - F\u00e9d\u00e9ration Halieutique et Piscicole du Sous Bassin Semois-Chiers","robots":{"index":"index","follow":"follow","max-snippet":"max-snippet:-1","max-image-preview":"max-image-preview:large","max-video-preview":"max-video-preview:-1"},"canonical":"https:\/\/fhpsbsc.be\/index.php\/parcours\/sainte-marie-sur-semois-larete\/","og_locale":"fr_FR","og_type":"article","og_title":"11) Sainte-Marie-Sur-Semois : L'Ar\u00eate - F\u00e9d\u00e9ration Halieutique et Piscicole du Sous Bassin Semois-Chiers","og_url":"https:\/\/fhpsbsc.be\/index.php\/parcours\/sainte-marie-sur-semois-larete\/","og_site_name":"F\u00e9d\u00e9ration Halieutique et Piscicole du Sous Bassin Semois-Chiers","article_modified_time":"2016-12-30T21:19:43+00:00","twitter_card":"summary_large_image","schema":{"@context":"https:\/\/schema.org","@graph":[{"@type":"WebSite","@id":"https:\/\/fhpsbsc.be\/#website","url":"https:\/\/fhpsbsc.be\/","name":"F\u00e9d\u00e9ration Halieutique et Piscicole du Sous Bassin Semois-Chiers","description":"","potentialAction":[{"@type":"SearchAction","target":{"@type":"EntryPoint","urlTemplate":"https:\/\/fhpsbsc.be\/?s={search_term_string}"},"query-input":"required name=search_term_string"}],"inLanguage":"fr-FR"},{"@type":"WebPage","@id":"https:\/\/fhpsbsc.be\/index.php\/parcours\/sainte-marie-sur-semois-larete\/#webpage","url":"https:\/\/fhpsbsc.be\/index.php\/parcours\/sainte-marie-sur-semois-larete\/","name":"11) Sainte-Marie-Sur-Semois : L'Ar\u00eate - F\u00e9d\u00e9ration Halieutique et Piscicole du Sous Bassin Semois-Chiers","isPartOf":{"@id":"https:\/\/fhpsbsc.be\/#website"},"datePublished":"2016-12-30T21:19:21+00:00","dateModified":"2016-12-30T21:19:43+00:00","breadcrumb":{"@id":"https:\/\/fhpsbsc.be\/index.php\/parcours\/sainte-marie-sur-semois-larete\/#breadcrumb"},"inLanguage":"fr-FR","potentialAction":[{"@type":"ReadAction","target":["https:\/\/fhpsbsc.be\/index.php\/parcours\/sainte-marie-sur-semois-larete\/"]}]},{"@type":"BreadcrumbList","@id":"https:\/\/fhpsbsc.be\/index.php\/parcours\/sainte-marie-sur-semois-larete\/#breadcrumb","itemListElement":[{"@type":"ListItem","position":1,"name":"Accueil","item":"https:\/\/fhpsbsc.be\/"},{"@type":"ListItem","position":2,"name":"Carte des soci\u00e9t\u00e9s","item":"https:\/\/fhpsbsc.be\/index.php\/parcours\/"},{"@type":"ListItem","position":3,"name":"11) Sainte-Marie-Sur-Semois : L&rsquo;Ar\u00eate"}]}]}},"_links":{"self":[{"href":"https:\/\/fhpsbsc.be\/index.php\/wp-json\/wp\/v2\/pages\/350"}],"collection":[{"href":"https:\/\/fhpsbsc.be\/index.php\/wp-json\/wp\/v2\/pages"}],"about":[{"href":"https:\/\/fhpsbsc.be\/index.php\/wp-json\/wp\/v2\/types\/page"}],"author":[{"embeddable":true,"href":"https:\/\/fhpsbsc.be\/index.php\/wp-json\/wp\/v2\/users\/1"}],"replies":[{"embeddable":true,"href":"https:\/\/fhpsbsc.be\/index.php\/wp-json\/wp\/v2\/comments?post=350"}],"version-history":[{"count":2,"href":"https:\/\/fhpsbsc.be\/index.php\/wp-json\/wp\/v2\/pages\/350\/revisions"}],"predecessor-version":[{"id":352,"href":"https:\/\/fhpsbsc.be\/index.php\/wp-json\/wp\/v2\/pages\/350\/revisions\/352"}],"up":[{"embeddable":true,"href":"https:\/\/fhpsbsc.be\/index.php\/wp-json\/wp\/v2\/pages\/227"}],"wp:attachment":[{"href":"https:\/\/fhpsbsc.be\/index.php\/wp-json\/wp\/v2\/media?parent=350"}],"curies":[{"name":"wp","href":"https:\/\/api.w.org\/{rel}","templated":true}]}}