{"id":342,"date":"2016-12-30T22:17:12","date_gmt":"2016-12-30T21:17:12","guid":{"rendered":"http:\/\/fhpsbsc.be\/?page_id=342"},"modified":"2018-04-08T23:40:01","modified_gmt":"2018-04-08T21:40:01","slug":"7-virton-societe-halieutique-virtonaise","status":"publish","type":"page","link":"https:\/\/fhpsbsc.be\/index.php\/7-virton-societe-halieutique-virtonaise\/","title":{"rendered":"43) Virton : Soci\u00e9t\u00e9 Halieutique Virtonaise"},"content":{"rendered":"<div class=\"fusion-fullwidth fullwidth-box fusion-builder-row-1 nonhundred-percent-fullwidth non-hundred-percent-height-scrolling\" style=\"background-color: rgba(255,255,255,0);background-position: center center;background-repeat: no-repeat;padding-top:20px;padding-right:0px;padding-bottom:20px;padding-left:0px;margin-bottom: 0px;margin-top: 0px;border-width: 0px 0px 0px 0px;border-color:#eae9e9;border-style:solid;\" ><div class=\"fusion-builder-row fusion-row\"><div class=\"fusion-layout-column fusion_builder_column fusion-builder-column-0 fusion_builder_column_1_1 1_1 fusion-one-full fusion-column-first fusion-column-last\" style=\"margin-top:0px;margin-bottom:0px;\"><div class=\"fusion-column-wrapper fusion-flex-column-wrapper-legacy\" style=\"background-position:left top;background-repeat:no-repeat;-webkit-background-size:cover;-moz-background-size:cover;-o-background-size:cover;background-size:cover;padding: 0px 0px 0px 0px;\"><div class=\"fusion-text fusion-text-1\" style=\"transform:translate3d(0,0,0);\"><h1 style=\"text-align: center;\"><span style=\"color: #008000;\"><strong>Soci\u00e9t\u00e9 Halieutique Virtonaise<br \/>\n<\/strong><\/span><\/h1>\n<hr \/>\n<h1><span style=\"color: #808000;\">Contact :<\/span><\/h1>\n<h2>Albert Detaille, 20 rue des D\u00e9port\u00e9s 6761 Chenois<\/h2>\n<h2>T\u00e9l : 063\/576808\u00a0\u00a0\u00a0 Email : albert.detaille@gmail.be<\/h2>\n<p>&nbsp;<\/p>\n<h1><span style=\"color: #808000;\">Point de vente des cartes de p\u00eache :<\/span><\/h1>\n<h2>Albert Detaille, 20 rue des D\u00e9port\u00e9s 6761 Chenois<\/h2>\n<h2>T\u00e9l : 063\/576808\u00a0\u00a0\u00a0 Email : albert.detaille@gmail.be<\/h2>\n<h2>Complexe sportif de Virton, A la Cour Marchal 8 6760 Virton<\/h2>\n<h2>T\u00e9l : 063\/579522<\/h2>\n<p>&nbsp;<\/p>\n<h1><span style=\"color: #808000;\">Prix de la carte de P\u00eache :<\/span><\/h1>\n<h2>45 euros adultes<\/h2>\n<h2>20 euros de 14 \u00e0 18 ans<\/h2>\n<h2>20 euros + de 80 ans<\/h2>\n<p>&nbsp;<\/p>\n<h1><span style=\"color: #808000;\">Cours d&rsquo;eau :<\/span><\/h1>\n<h2>Le Ton : 3 km<\/h2>\n<\/div><div class=\"aligncenter\"><div class=\"fusion-social-links\"><div class=\"fusion-social-networks boxed-icons\"><div class=\"fusion-social-networks-wrapper\"><a class=\"fusion-social-network-icon fusion-tooltip fusion-facebook fusion-icon-facebook\" style=\"color:#005bef;font-size:25px;width: calc(25px + (2 * (15px)) + 2px);background-color:#190063;border-color:#190063;border-radius:15px;\" data-placement=\"top\" data-title=\"Facebook\" data-toggle=\"tooltip\" title=\"Facebook\" aria-label=\"facebook\" target=\"_blank\" rel=\"noopener noreferrer\" href=\"https:\/\/www.facebook.com\/Soci\u00e9t\u00e9-Halieutique-Virtonaise\"><\/a><\/div><\/div><\/div><\/div><div class=\"aligncenter\"><div class=\"fusion-social-links\"><div class=\"fusion-social-networks boxed-icons\"><div class=\"fusion-social-networks-wrapper\"><a class=\"fusion-social-network-icon fusion-tooltip fusion-blogger fusion-icon-blogger\" style=\"color:#005bef;font-size:25px;width: calc(25px + (2 * (15px)) + 2px);background-color:#190063;border-color:#190063;border-radius:15px;\" data-placement=\"top\" data-title=\"Blogger\" data-toggle=\"tooltip\" title=\"Blogger\" aria-label=\"blogger\" target=\"_blank\" rel=\"noopener noreferrer\" href=\"http:\/\/societehalieutiquevirtonaise.blogspot.be\/\"><\/a><\/div><\/div><\/div><\/div><div class=\"fusion-clearfix\"><\/div><\/div><\/div><\/div><\/div>\n","protected":false},"excerpt":{"rendered":"","protected":false},"author":1,"featured_media":0,"parent":0,"menu_order":0,"comment_status":"closed","ping_status":"closed","template":"","meta":{"_monsterinsights_skip_tracking":false,"_monsterinsights_sitenote_active":false,"_monsterinsights_sitenote_note":"","_monsterinsights_sitenote_category":0},"yoast_head":"<!-- This site is optimized with the Yoast SEO plugin v17.9 - https:\/\/yoast.com\/wordpress\/plugins\/seo\/ -->\n<title>43) Virton : Soci\u00e9t\u00e9 Halieutique Virtonaise - F\u00e9d\u00e9ration Halieutique et Piscicole du Sous Bassin Semois-Chiers<\/title>\n<meta name=\"robots\" content=\"index, follow, max-snippet:-1, max-image-preview:large, max-video-preview:-1\" \/>\n<link rel=\"canonical\" href=\"https:\/\/fhpsbsc.be\/index.php\/7-virton-societe-halieutique-virtonaise\/\" \/>\n<meta property=\"og:locale\" content=\"fr_FR\" \/>\n<meta property=\"og:type\" content=\"article\" \/>\n<meta property=\"og:title\" content=\"43) Virton : Soci\u00e9t\u00e9 Halieutique Virtonaise - F\u00e9d\u00e9ration Halieutique et Piscicole du Sous Bassin Semois-Chiers\" \/>\n<meta property=\"og:url\" content=\"https:\/\/fhpsbsc.be\/index.php\/7-virton-societe-halieutique-virtonaise\/\" \/>\n<meta property=\"og:site_name\" content=\"F\u00e9d\u00e9ration Halieutique et Piscicole du Sous Bassin Semois-Chiers\" \/>\n<meta property=\"article:modified_time\" content=\"2018-04-08T21:40:01+00:00\" \/>\n<meta name=\"twitter:card\" content=\"summary_large_image\" \/>\n<meta name=\"twitter:label1\" content=\"Dur\u00e9e de lecture estim\u00e9e\" \/>\n\t<meta name=\"twitter:data1\" content=\"1 minute\" \/>\n<script type=\"application\/ld+json\" class=\"yoast-schema-graph\">{\"@context\":\"https:\/\/schema.org\",\"@graph\":[{\"@type\":\"WebSite\",\"@id\":\"https:\/\/fhpsbsc.be\/#website\",\"url\":\"https:\/\/fhpsbsc.be\/\",\"name\":\"F\\u00e9d\\u00e9ration Halieutique et Piscicole du Sous Bassin Semois-Chiers\",\"description\":\"\",\"potentialAction\":[{\"@type\":\"SearchAction\",\"target\":{\"@type\":\"EntryPoint\",\"urlTemplate\":\"https:\/\/fhpsbsc.be\/?s={search_term_string}\"},\"query-input\":\"required name=search_term_string\"}],\"inLanguage\":\"fr-FR\"},{\"@type\":\"WebPage\",\"@id\":\"https:\/\/fhpsbsc.be\/index.php\/7-virton-societe-halieutique-virtonaise\/#webpage\",\"url\":\"https:\/\/fhpsbsc.be\/index.php\/7-virton-societe-halieutique-virtonaise\/\",\"name\":\"43) Virton : Soci\\u00e9t\\u00e9 Halieutique Virtonaise - F\\u00e9d\\u00e9ration Halieutique et Piscicole du Sous Bassin Semois-Chiers\",\"isPartOf\":{\"@id\":\"https:\/\/fhpsbsc.be\/#website\"},\"datePublished\":\"2016-12-30T21:17:12+00:00\",\"dateModified\":\"2018-04-08T21:40:01+00:00\",\"breadcrumb\":{\"@id\":\"https:\/\/fhpsbsc.be\/index.php\/7-virton-societe-halieutique-virtonaise\/#breadcrumb\"},\"inLanguage\":\"fr-FR\",\"potentialAction\":[{\"@type\":\"ReadAction\",\"target\":[\"https:\/\/fhpsbsc.be\/index.php\/7-virton-societe-halieutique-virtonaise\/\"]}]},{\"@type\":\"BreadcrumbList\",\"@id\":\"https:\/\/fhpsbsc.be\/index.php\/7-virton-societe-halieutique-virtonaise\/#breadcrumb\",\"itemListElement\":[{\"@type\":\"ListItem\",\"position\":1,\"name\":\"Accueil\",\"item\":\"https:\/\/fhpsbsc.be\/\"},{\"@type\":\"ListItem\",\"position\":2,\"name\":\"43) Virton : Soci\\u00e9t\\u00e9 Halieutique Virtonaise\"}]}]}<\/script>\n<!-- \/ Yoast SEO plugin. -->","yoast_head_json":{"title":"43) Virton : Soci\u00e9t\u00e9 Halieutique Virtonaise - F\u00e9d\u00e9ration Halieutique et Piscicole du Sous Bassin Semois-Chiers","robots":{"index":"index","follow":"follow","max-snippet":"max-snippet:-1","max-image-preview":"max-image-preview:large","max-video-preview":"max-video-preview:-1"},"canonical":"https:\/\/fhpsbsc.be\/index.php\/7-virton-societe-halieutique-virtonaise\/","og_locale":"fr_FR","og_type":"article","og_title":"43) Virton : Soci\u00e9t\u00e9 Halieutique Virtonaise - F\u00e9d\u00e9ration Halieutique et Piscicole du Sous Bassin Semois-Chiers","og_url":"https:\/\/fhpsbsc.be\/index.php\/7-virton-societe-halieutique-virtonaise\/","og_site_name":"F\u00e9d\u00e9ration Halieutique et Piscicole du Sous Bassin Semois-Chiers","article_modified_time":"2018-04-08T21:40:01+00:00","twitter_card":"summary_large_image","twitter_misc":{"Dur\u00e9e de lecture estim\u00e9e":"1 minute"},"schema":{"@context":"https:\/\/schema.org","@graph":[{"@type":"WebSite","@id":"https:\/\/fhpsbsc.be\/#website","url":"https:\/\/fhpsbsc.be\/","name":"F\u00e9d\u00e9ration Halieutique et Piscicole du Sous Bassin Semois-Chiers","description":"","potentialAction":[{"@type":"SearchAction","target":{"@type":"EntryPoint","urlTemplate":"https:\/\/fhpsbsc.be\/?s={search_term_string}"},"query-input":"required name=search_term_string"}],"inLanguage":"fr-FR"},{"@type":"WebPage","@id":"https:\/\/fhpsbsc.be\/index.php\/7-virton-societe-halieutique-virtonaise\/#webpage","url":"https:\/\/fhpsbsc.be\/index.php\/7-virton-societe-halieutique-virtonaise\/","name":"43) Virton : Soci\u00e9t\u00e9 Halieutique Virtonaise - F\u00e9d\u00e9ration Halieutique et Piscicole du Sous Bassin Semois-Chiers","isPartOf":{"@id":"https:\/\/fhpsbsc.be\/#website"},"datePublished":"2016-12-30T21:17:12+00:00","dateModified":"2018-04-08T21:40:01+00:00","breadcrumb":{"@id":"https:\/\/fhpsbsc.be\/index.php\/7-virton-societe-halieutique-virtonaise\/#breadcrumb"},"inLanguage":"fr-FR","potentialAction":[{"@type":"ReadAction","target":["https:\/\/fhpsbsc.be\/index.php\/7-virton-societe-halieutique-virtonaise\/"]}]},{"@type":"BreadcrumbList","@id":"https:\/\/fhpsbsc.be\/index.php\/7-virton-societe-halieutique-virtonaise\/#breadcrumb","itemListElement":[{"@type":"ListItem","position":1,"name":"Accueil","item":"https:\/\/fhpsbsc.be\/"},{"@type":"ListItem","position":2,"name":"43) Virton : Soci\u00e9t\u00e9 Halieutique Virtonaise"}]}]}},"_links":{"self":[{"href":"https:\/\/fhpsbsc.be\/index.php\/wp-json\/wp\/v2\/pages\/342"}],"collection":[{"href":"https:\/\/fhpsbsc.be\/index.php\/wp-json\/wp\/v2\/pages"}],"about":[{"href":"https:\/\/fhpsbsc.be\/index.php\/wp-json\/wp\/v2\/types\/page"}],"author":[{"embeddable":true,"href":"https:\/\/fhpsbsc.be\/index.php\/wp-json\/wp\/v2\/users\/1"}],"replies":[{"embeddable":true,"href":"https:\/\/fhpsbsc.be\/index.php\/wp-json\/wp\/v2\/comments?post=342"}],"version-history":[{"count":4,"href":"https:\/\/fhpsbsc.be\/index.php\/wp-json\/wp\/v2\/pages\/342\/revisions"}],"predecessor-version":[{"id":1392,"href":"https:\/\/fhpsbsc.be\/index.php\/wp-json\/wp\/v2\/pages\/342\/revisions\/1392"}],"wp:attachment":[{"href":"https:\/\/fhpsbsc.be\/index.php\/wp-json\/wp\/v2\/media?parent=342"}],"curies":[{"name":"wp","href":"https:\/\/api.w.org\/{rel}","templated":true}]}}