{"id":229,"date":"2016-12-24T11:15:22","date_gmt":"2016-12-24T10:15:22","guid":{"rendered":"http:\/\/fhpsbsc.be\/?page_id=229"},"modified":"2017-01-03T23:49:27","modified_gmt":"2017-01-03T22:49:27","slug":"liens-externes","status":"publish","type":"page","link":"https:\/\/fhpsbsc.be\/index.php\/liens-externes\/","title":{"rendered":"R\u00e9forme de la p\u00eache"},"content":{"rendered":"<div class=\"fusion-fullwidth fullwidth-box fusion-builder-row-1 nonhundred-percent-fullwidth non-hundred-percent-height-scrolling\" style=\"background-color: rgba(255,255,255,0);background-position: center center;background-repeat: no-repeat;padding-top:20px;padding-right:0px;padding-bottom:20px;padding-left:0px;margin-bottom: 0px;margin-top: 0px;border-width: 0px 0px 0px 0px;border-color:#eae9e9;border-style:solid;\" ><div class=\"fusion-builder-row fusion-row\"><div class=\"fusion-layout-column fusion_builder_column fusion-builder-column-0 fusion_builder_column_1_1 1_1 fusion-one-full fusion-column-first fusion-column-last\" style=\"margin-top:0px;margin-bottom:0px;\"><div class=\"fusion-column-wrapper fusion-flex-column-wrapper-legacy\" style=\"background-position:left top;background-repeat:no-repeat;-webkit-background-size:cover;-moz-background-size:cover;-o-background-size:cover;background-size:cover;padding: 0px 0px 0px 0px;\"><style type=\"text\/css\"><\/style><div class=\"fusion-title title fusion-title-1 fusion-title-text fusion-title-size-one\" style=\"margin-top:0px;margin-bottom:31px;\"><h1 class=\"title-heading-left\" style=\"margin:0;\"><h1><span style=\"color: #0000ff;\">R\u00e9forme de la p\u00eache en Wallonie<\/span><\/h1>\n<hr \/>\n<p>&nbsp;<\/p><\/h1><div class=\"title-sep-container\"><div class=\"title-sep sep-double sep-solid\" style=\"border-color:#e0dede;\"><\/div><\/div><\/div><div class=\"fusion-text fusion-text-1\" style=\"transform:translate3d(0,0,0);\"><h1><strong>Pourquoi faire une r\u00e9forme de la p\u00eache?! <\/strong><\/h1>\n<h1><strong>Un coup de neuf sur la p\u00eache wallonne<\/strong><\/h1>\n<hr \/>\n<\/div><div class=\"fusion-aligncenter\"><style type=\"text\/css\">.fusion-button.button-1 {border-radius:1px;}<\/style><a class=\"fusion-button button-flat fusion-button-default-size button-default button-1 fusion-button-default-span fusion-button-default-type\" target=\"_self\" title=\"La r\u00e9forme de la loi sur la p\u00eache fluviale \u00e0 \u00e9t\u00e9 adopt\u00e9e par le parlement wallon le 26 mars 2014.\" href=\"http:\/\/www.maisondelapeche.be\/telechargements\/20140326_CP-DiAntonio.pdf\"><span class=\"fusion-button-text\">POURQUOI UNE REFORME<\/span><\/a><\/div><div class=\"fusion-sep-clear\"><\/div><div class=\"fusion-separator fusion-full-width-sep\" style=\"margin-left: auto;margin-right: auto;width:100%;\"><div class=\"fusion-separator-border sep-single sep-solid\" style=\"border-color:#e0dede;border-top-width:1px;\"><\/div><\/div><div class=\"fusion-sep-clear\"><\/div><div class=\"fusion-text fusion-text-2\" style=\"transform:translate3d(0,0,0);\"><h1><strong>27 mars 2014 &#8211; D\u00e9cret relatif \u00e0 la p\u00eache fluviale, \u00e0 la gestion piscicole et aux structures halieutiques<br \/>\n<\/strong><\/h1>\n<hr \/>\n<\/div><div class=\"fusion-aligncenter\"><style type=\"text\/css\">.fusion-button.button-2 {border-radius:1px;}<\/style><a class=\"fusion-button button-flat fusion-button-default-size button-default button-2 fusion-button-default-span fusion-button-default-type\" target=\"_self\" href=\"http:\/\/environnement.wallonie.be\/legis\/dnf\/peche\/peche075.html\"><span class=\"fusion-button-text\">Le d\u00e9cret en d\u00e9tail<\/span><\/a><\/div><div class=\"fusion-text fusion-text-3\" style=\"transform:translate3d(0,0,0);\"><h1><span style=\"color: #000000;\"><strong>Publication de l&rsquo;Arr\u00eat\u00e9 du Gouvernement Wallon relatif aux conditions d&rsquo;ouvertures et aux modalit\u00e9s d&rsquo;exercice de la p\u00eache.<\/strong><\/span><br \/>\n<span style=\"color: #000000;\"><strong> Ces dispositions seront en vigueur d\u00e8s le 01\/01\/2017.<\/strong><\/span><\/h1>\n<hr \/>\n<\/div><div class=\"fusion-aligncenter\"><style type=\"text\/css\">.fusion-button.button-3 {border-radius:1px;}<\/style><a class=\"fusion-button button-flat fusion-button-default-size button-default button-3 fusion-button-default-span fusion-button-default-type\" target=\"_self\" href=\"https:\/\/drive.google.com\/open?id=0ByKdmxbLYY0JaV9MNGRLOTVPUmc\"><span class=\"fusion-button-text\">Loi sur la p\u00eache \u00e0 partir du 01\/01\/2017<\/span><\/a><\/div><div class=\"fusion-clearfix\"><\/div><\/div><\/div><\/div><\/div>\n","protected":false},"excerpt":{"rendered":"","protected":false},"author":1,"featured_media":0,"parent":0,"menu_order":0,"comment_status":"closed","ping_status":"closed","template":"side-navigation.php","meta":{"_monsterinsights_skip_tracking":false,"_monsterinsights_sitenote_active":false,"_monsterinsights_sitenote_note":"","_monsterinsights_sitenote_category":0},"yoast_head":"<!-- This site is optimized with the Yoast SEO plugin v17.9 - https:\/\/yoast.com\/wordpress\/plugins\/seo\/ -->\n<title>R\u00e9forme de la p\u00eache - F\u00e9d\u00e9ration Halieutique et Piscicole du Sous Bassin Semois-Chiers<\/title>\n<meta name=\"robots\" content=\"index, follow, max-snippet:-1, max-image-preview:large, max-video-preview:-1\" \/>\n<link rel=\"canonical\" href=\"https:\/\/fhpsbsc.be\/index.php\/liens-externes\/\" \/>\n<meta property=\"og:locale\" content=\"fr_FR\" \/>\n<meta property=\"og:type\" content=\"article\" \/>\n<meta property=\"og:title\" content=\"R\u00e9forme de la p\u00eache - F\u00e9d\u00e9ration Halieutique et Piscicole du Sous Bassin Semois-Chiers\" \/>\n<meta property=\"og:url\" content=\"https:\/\/fhpsbsc.be\/index.php\/liens-externes\/\" \/>\n<meta property=\"og:site_name\" content=\"F\u00e9d\u00e9ration Halieutique et Piscicole du Sous Bassin Semois-Chiers\" \/>\n<meta property=\"article:modified_time\" content=\"2017-01-03T22:49:27+00:00\" \/>\n<meta name=\"twitter:card\" content=\"summary_large_image\" \/>\n<meta name=\"twitter:label1\" content=\"Dur\u00e9e de lecture estim\u00e9e\" \/>\n\t<meta name=\"twitter:data1\" content=\"2 minutes\" \/>\n<script type=\"application\/ld+json\" class=\"yoast-schema-graph\">{\"@context\":\"https:\/\/schema.org\",\"@graph\":[{\"@type\":\"WebSite\",\"@id\":\"https:\/\/fhpsbsc.be\/#website\",\"url\":\"https:\/\/fhpsbsc.be\/\",\"name\":\"F\\u00e9d\\u00e9ration Halieutique et Piscicole du Sous Bassin Semois-Chiers\",\"description\":\"\",\"potentialAction\":[{\"@type\":\"SearchAction\",\"target\":{\"@type\":\"EntryPoint\",\"urlTemplate\":\"https:\/\/fhpsbsc.be\/?s={search_term_string}\"},\"query-input\":\"required name=search_term_string\"}],\"inLanguage\":\"fr-FR\"},{\"@type\":\"WebPage\",\"@id\":\"https:\/\/fhpsbsc.be\/index.php\/liens-externes\/#webpage\",\"url\":\"https:\/\/fhpsbsc.be\/index.php\/liens-externes\/\",\"name\":\"R\\u00e9forme de la p\\u00eache - F\\u00e9d\\u00e9ration Halieutique et Piscicole du Sous Bassin Semois-Chiers\",\"isPartOf\":{\"@id\":\"https:\/\/fhpsbsc.be\/#website\"},\"datePublished\":\"2016-12-24T10:15:22+00:00\",\"dateModified\":\"2017-01-03T22:49:27+00:00\",\"breadcrumb\":{\"@id\":\"https:\/\/fhpsbsc.be\/index.php\/liens-externes\/#breadcrumb\"},\"inLanguage\":\"fr-FR\",\"potentialAction\":[{\"@type\":\"ReadAction\",\"target\":[\"https:\/\/fhpsbsc.be\/index.php\/liens-externes\/\"]}]},{\"@type\":\"BreadcrumbList\",\"@id\":\"https:\/\/fhpsbsc.be\/index.php\/liens-externes\/#breadcrumb\",\"itemListElement\":[{\"@type\":\"ListItem\",\"position\":1,\"name\":\"Accueil\",\"item\":\"https:\/\/fhpsbsc.be\/\"},{\"@type\":\"ListItem\",\"position\":2,\"name\":\"R\\u00e9forme de la p\\u00eache\"}]}]}<\/script>\n<!-- \/ Yoast SEO plugin. -->","yoast_head_json":{"title":"R\u00e9forme de la p\u00eache - F\u00e9d\u00e9ration Halieutique et Piscicole du Sous Bassin Semois-Chiers","robots":{"index":"index","follow":"follow","max-snippet":"max-snippet:-1","max-image-preview":"max-image-preview:large","max-video-preview":"max-video-preview:-1"},"canonical":"https:\/\/fhpsbsc.be\/index.php\/liens-externes\/","og_locale":"fr_FR","og_type":"article","og_title":"R\u00e9forme de la p\u00eache - F\u00e9d\u00e9ration Halieutique et Piscicole du Sous Bassin Semois-Chiers","og_url":"https:\/\/fhpsbsc.be\/index.php\/liens-externes\/","og_site_name":"F\u00e9d\u00e9ration Halieutique et Piscicole du Sous Bassin Semois-Chiers","article_modified_time":"2017-01-03T22:49:27+00:00","twitter_card":"summary_large_image","twitter_misc":{"Dur\u00e9e de lecture estim\u00e9e":"2 minutes"},"schema":{"@context":"https:\/\/schema.org","@graph":[{"@type":"WebSite","@id":"https:\/\/fhpsbsc.be\/#website","url":"https:\/\/fhpsbsc.be\/","name":"F\u00e9d\u00e9ration Halieutique et Piscicole du Sous Bassin Semois-Chiers","description":"","potentialAction":[{"@type":"SearchAction","target":{"@type":"EntryPoint","urlTemplate":"https:\/\/fhpsbsc.be\/?s={search_term_string}"},"query-input":"required name=search_term_string"}],"inLanguage":"fr-FR"},{"@type":"WebPage","@id":"https:\/\/fhpsbsc.be\/index.php\/liens-externes\/#webpage","url":"https:\/\/fhpsbsc.be\/index.php\/liens-externes\/","name":"R\u00e9forme de la p\u00eache - F\u00e9d\u00e9ration Halieutique et Piscicole du Sous Bassin Semois-Chiers","isPartOf":{"@id":"https:\/\/fhpsbsc.be\/#website"},"datePublished":"2016-12-24T10:15:22+00:00","dateModified":"2017-01-03T22:49:27+00:00","breadcrumb":{"@id":"https:\/\/fhpsbsc.be\/index.php\/liens-externes\/#breadcrumb"},"inLanguage":"fr-FR","potentialAction":[{"@type":"ReadAction","target":["https:\/\/fhpsbsc.be\/index.php\/liens-externes\/"]}]},{"@type":"BreadcrumbList","@id":"https:\/\/fhpsbsc.be\/index.php\/liens-externes\/#breadcrumb","itemListElement":[{"@type":"ListItem","position":1,"name":"Accueil","item":"https:\/\/fhpsbsc.be\/"},{"@type":"ListItem","position":2,"name":"R\u00e9forme de la p\u00eache"}]}]}},"_links":{"self":[{"href":"https:\/\/fhpsbsc.be\/index.php\/wp-json\/wp\/v2\/pages\/229"}],"collection":[{"href":"https:\/\/fhpsbsc.be\/index.php\/wp-json\/wp\/v2\/pages"}],"about":[{"href":"https:\/\/fhpsbsc.be\/index.php\/wp-json\/wp\/v2\/types\/page"}],"author":[{"embeddable":true,"href":"https:\/\/fhpsbsc.be\/index.php\/wp-json\/wp\/v2\/users\/1"}],"replies":[{"embeddable":true,"href":"https:\/\/fhpsbsc.be\/index.php\/wp-json\/wp\/v2\/comments?post=229"}],"version-history":[{"count":10,"href":"https:\/\/fhpsbsc.be\/index.php\/wp-json\/wp\/v2\/pages\/229\/revisions"}],"predecessor-version":[{"id":504,"href":"https:\/\/fhpsbsc.be\/index.php\/wp-json\/wp\/v2\/pages\/229\/revisions\/504"}],"wp:attachment":[{"href":"https:\/\/fhpsbsc.be\/index.php\/wp-json\/wp\/v2\/media?parent=229"}],"curies":[{"name":"wp","href":"https:\/\/api.w.org\/{rel}","templated":true}]}}